{"id":266,"date":"2023-10-29T12:19:11","date_gmt":"2023-10-29T11:19:11","guid":{"rendered":"https:\/\/codiba.cat\/?post_type=product&#038;p=266"},"modified":"2024-09-20T13:28:46","modified_gmt":"2024-09-20T11:28:46","slug":"lot-co-no-3-2","status":"publish","type":"product","link":"https:\/\/codiba.cat\/es\/producto\/lot-co-no-3-2\/","title":{"rendered":"LOT CO N\u00ba 3"},"content":{"rendered":"<p>1 bt\u00a0\u00a0\u00a0\u00a0\u00a0 FAMILIA OLIVEDA BRUT JOVE<\/p>\n<p>1 bt\u00a0\u00a0\u00a0\u00a0\u00a0 SYNERA BLANC &#8211; D.O. CATALUNYA &#8211; Macabeu, Chardonnay<\/p>\n<p>1 bt\u00a0\u00a0\u00a0\u00a0\u00a0 SYNERA ROSAT &#8211; D.O. CATALUNYA &#8211; Ull de llebre, Garnatxa<\/p>\n<p>1 ud\u00a0\u00a0\u00a0\u00a0 Torr\u00f3 Vicens d&#8217;Agramunt Avellana Kraft 300g finestra<\/p>\n<p>1 ud\u00a0\u00a0\u00a0\u00a0 LOMO IBERICO CEBO\u00a0 LONCHEADO 100 GR.<\/p>\n<p>1 bt\u00a0\u00a0\u00a0\u00a0\u00a0 OLI VERGE OLIVA 250 CL BARGALL\u00d3<\/p>\n<p>1 ud\u00a0\u00a0\u00a0\u00a0 FORMATGE MEZCLA MADURAT 250 G<\/p>\n<p>CAIXA CARTR\u00d3 CODIBA 400X300X100<\/p>","protected":false},"excerpt":{"rendered":"<p>1 bt\u00a0\u00a0\u00a0\u00a0\u00a0 FAMILIA OLIVEDA BRUT JOVE 1 bt\u00a0\u00a0\u00a0\u00a0\u00a0 SYNERA BLANC &#8211; D.O. CATALUNYA &#8211; Macabeu, Chardonnay 1 bt\u00a0\u00a0\u00a0\u00a0\u00a0 SYNERA ROSAT &#8211; D.O. CATALUNYA &#8211; Ull de llebre, Garnatxa 1 ud\u00a0\u00a0\u00a0\u00a0 Torr\u00f3 Vicens d&#8217;Agramunt Avellana Kraft 300g finestra 1 ud\u00a0\u00a0\u00a0\u00a0 LOMO IBERICO CEBO\u00a0 LONCHEADO 100 GR. 1 bt\u00a0\u00a0\u00a0\u00a0\u00a0 OLI VERGE OLIVA 250 CL BARGALL\u00d3 1 ud\u00a0\u00a0\u00a0\u00a0 [&hellip;]<\/p>","protected":false},"featured_media":269,"template":"","meta":[],"product_cat":[49],"product_tag":[],"class_list":["post-266","product","type-product","status-publish","has-post-thumbnail","hentry","product_cat-especial-nadal"],"yoast_head":"<!-- This site is optimized with the Yoast SEO plugin v21.5 - https:\/\/yoast.com\/wordpress\/plugins\/seo\/ -->\n<title>LOT CO N\u00ba 3 - Codiba | Distribuci\u00f3 de begudes l\u00edder en el Vall\u00e8s Oriental<\/title>\n<meta name=\"robots\" content=\"index, follow, max-snippet:-1, max-image-preview:large, max-video-preview:-1\" \/>\n<link rel=\"canonical\" href=\"https:\/\/codiba.cat\/es\/producto\/lot-co-no-3-2\/\" \/>\n<meta property=\"og:locale\" content=\"es_ES\" \/>\n<meta property=\"og:type\" content=\"article\" \/>\n<meta property=\"og:title\" content=\"LOT CO N\u00ba 3 - Codiba | Distribuci\u00f3 de begudes l\u00edder en el Vall\u00e8s Oriental\" \/>\n<meta property=\"og:description\" content=\"1 bt\u00a0\u00a0\u00a0\u00a0\u00a0 FAMILIA OLIVEDA BRUT JOVE 1 bt\u00a0\u00a0\u00a0\u00a0\u00a0 SYNERA BLANC &#8211; D.O. CATALUNYA &#8211; Macabeu, Chardonnay 1 bt\u00a0\u00a0\u00a0\u00a0\u00a0 SYNERA ROSAT &#8211; D.O. CATALUNYA &#8211; Ull de llebre, Garnatxa 1 ud\u00a0\u00a0\u00a0\u00a0 Torr\u00f3 Vicens d&#8217;Agramunt Avellana Kraft 300g finestra 1 ud\u00a0\u00a0\u00a0\u00a0 LOMO IBERICO CEBO\u00a0 LONCHEADO 100 GR. 1 bt\u00a0\u00a0\u00a0\u00a0\u00a0 OLI VERGE OLIVA 250 CL BARGALL\u00d3 1 ud\u00a0\u00a0\u00a0\u00a0 [&hellip;]\" \/>\n<meta property=\"og:url\" content=\"https:\/\/codiba.cat\/es\/producto\/lot-co-no-3-2\/\" \/>\n<meta property=\"og:site_name\" content=\"Codiba | Distribuci\u00f3 de begudes l\u00edder en el Vall\u00e8s Oriental\" \/>\n<meta property=\"article:modified_time\" content=\"2024-09-20T11:28:46+00:00\" \/>\n<meta property=\"og:image\" content=\"https:\/\/codiba.cat\/wp-content\/uploads\/2023\/10\/Imagen-1.png\" \/>\n\t<meta property=\"og:image:width\" content=\"977\" \/>\n\t<meta property=\"og:image:height\" content=\"650\" \/>\n\t<meta property=\"og:image:type\" content=\"image\/png\" \/>\n<meta name=\"twitter:card\" content=\"summary_large_image\" \/>\n<script type=\"application\/ld+json\" class=\"yoast-schema-graph\">{\"@context\":\"https:\/\/schema.org\",\"@graph\":[{\"@type\":\"WebPage\",\"@id\":\"https:\/\/codiba.cat\/producto\/lot-co-no-3-2\/\",\"url\":\"https:\/\/codiba.cat\/producto\/lot-co-no-3-2\/\",\"name\":\"LOT CO N\u00ba 3 - Codiba | Distribuci\u00f3 de begudes l\u00edder en el Vall\u00e8s Oriental\",\"isPartOf\":{\"@id\":\"https:\/\/codiba.cat\/es\/#website\"},\"datePublished\":\"2023-10-29T11:19:11+00:00\",\"dateModified\":\"2024-09-20T11:28:46+00:00\",\"breadcrumb\":{\"@id\":\"https:\/\/codiba.cat\/producto\/lot-co-no-3-2\/#breadcrumb\"},\"inLanguage\":\"es\",\"potentialAction\":[{\"@type\":\"ReadAction\",\"target\":[\"https:\/\/codiba.cat\/producto\/lot-co-no-3-2\/\"]}]},{\"@type\":\"BreadcrumbList\",\"@id\":\"https:\/\/codiba.cat\/producto\/lot-co-no-3-2\/#breadcrumb\",\"itemListElement\":[{\"@type\":\"ListItem\",\"position\":1,\"name\":\"Portada\",\"item\":\"https:\/\/codiba.cat\/es\/\"},{\"@type\":\"ListItem\",\"position\":2,\"name\":\"Botiga\",\"item\":\"https:\/\/codiba.cat\/botiga\/\"},{\"@type\":\"ListItem\",\"position\":3,\"name\":\"LOT CO N\u00ba 3\"}]},{\"@type\":\"WebSite\",\"@id\":\"https:\/\/codiba.cat\/es\/#website\",\"url\":\"https:\/\/codiba.cat\/es\/\",\"name\":\"Codiba | Distribuci\u00f3 de begudes l\u00edder en el Vall\u00e8s Oriental\",\"description\":\"\",\"publisher\":{\"@id\":\"https:\/\/codiba.cat\/es\/#organization\"},\"potentialAction\":[{\"@type\":\"SearchAction\",\"target\":{\"@type\":\"EntryPoint\",\"urlTemplate\":\"https:\/\/codiba.cat\/es\/?s={search_term_string}\"},\"query-input\":\"required name=search_term_string\"}],\"inLanguage\":\"es\"},{\"@type\":\"Organization\",\"@id\":\"https:\/\/codiba.cat\/es\/#organization\",\"name\":\"Codiba | Distribuci\u00f3 de begudes l\u00edder en el Vall\u00e8s Oriental\",\"url\":\"https:\/\/codiba.cat\/es\/\",\"logo\":{\"@type\":\"ImageObject\",\"inLanguage\":\"es\",\"@id\":\"https:\/\/codiba.cat\/es\/#\/schema\/logo\/image\/\",\"url\":\"https:\/\/codiba.cat\/wp-content\/uploads\/2023\/09\/CODIBA.png\",\"contentUrl\":\"https:\/\/codiba.cat\/wp-content\/uploads\/2023\/09\/CODIBA.png\",\"width\":1260,\"height\":1260,\"caption\":\"Codiba | Distribuci\u00f3 de begudes l\u00edder en el Vall\u00e8s Oriental\"},\"image\":{\"@id\":\"https:\/\/codiba.cat\/es\/#\/schema\/logo\/image\/\"}}]}<\/script>\n<!-- \/ Yoast SEO plugin. -->","yoast_head_json":{"title":"LOT CO N\u00ba 3 - Codiba | Distribuci\u00f3 de begudes l\u00edder en el Vall\u00e8s Oriental","robots":{"index":"index","follow":"follow","max-snippet":"max-snippet:-1","max-image-preview":"max-image-preview:large","max-video-preview":"max-video-preview:-1"},"canonical":"https:\/\/codiba.cat\/es\/producto\/lot-co-no-3-2\/","og_locale":"es_ES","og_type":"article","og_title":"LOT CO N\u00ba 3 - Codiba | Distribuci\u00f3 de begudes l\u00edder en el Vall\u00e8s Oriental","og_description":"1 bt\u00a0\u00a0\u00a0\u00a0\u00a0 FAMILIA OLIVEDA BRUT JOVE 1 bt\u00a0\u00a0\u00a0\u00a0\u00a0 SYNERA BLANC &#8211; D.O. CATALUNYA &#8211; Macabeu, Chardonnay 1 bt\u00a0\u00a0\u00a0\u00a0\u00a0 SYNERA ROSAT &#8211; D.O. CATALUNYA &#8211; Ull de llebre, Garnatxa 1 ud\u00a0\u00a0\u00a0\u00a0 Torr\u00f3 Vicens d&#8217;Agramunt Avellana Kraft 300g finestra 1 ud\u00a0\u00a0\u00a0\u00a0 LOMO IBERICO CEBO\u00a0 LONCHEADO 100 GR. 1 bt\u00a0\u00a0\u00a0\u00a0\u00a0 OLI VERGE OLIVA 250 CL BARGALL\u00d3 1 ud\u00a0\u00a0\u00a0\u00a0 [&hellip;]","og_url":"https:\/\/codiba.cat\/es\/producto\/lot-co-no-3-2\/","og_site_name":"Codiba | Distribuci\u00f3 de begudes l\u00edder en el Vall\u00e8s Oriental","article_modified_time":"2024-09-20T11:28:46+00:00","og_image":[{"width":977,"height":650,"url":"https:\/\/codiba.cat\/wp-content\/uploads\/2023\/10\/Imagen-1.png","type":"image\/png"}],"twitter_card":"summary_large_image","schema":{"@context":"https:\/\/schema.org","@graph":[{"@type":"WebPage","@id":"https:\/\/codiba.cat\/producto\/lot-co-no-3-2\/","url":"https:\/\/codiba.cat\/producto\/lot-co-no-3-2\/","name":"LOT CO N\u00ba 3 - Codiba | Distribuci\u00f3 de begudes l\u00edder en el Vall\u00e8s Oriental","isPartOf":{"@id":"https:\/\/codiba.cat\/es\/#website"},"datePublished":"2023-10-29T11:19:11+00:00","dateModified":"2024-09-20T11:28:46+00:00","breadcrumb":{"@id":"https:\/\/codiba.cat\/producto\/lot-co-no-3-2\/#breadcrumb"},"inLanguage":"es","potentialAction":[{"@type":"ReadAction","target":["https:\/\/codiba.cat\/producto\/lot-co-no-3-2\/"]}]},{"@type":"BreadcrumbList","@id":"https:\/\/codiba.cat\/producto\/lot-co-no-3-2\/#breadcrumb","itemListElement":[{"@type":"ListItem","position":1,"name":"Portada","item":"https:\/\/codiba.cat\/es\/"},{"@type":"ListItem","position":2,"name":"Botiga","item":"https:\/\/codiba.cat\/botiga\/"},{"@type":"ListItem","position":3,"name":"LOT CO N\u00ba 3"}]},{"@type":"WebSite","@id":"https:\/\/codiba.cat\/es\/#website","url":"https:\/\/codiba.cat\/es\/","name":"Codiba | Distribuci\u00f3 de begudes l\u00edder en el Vall\u00e8s Oriental","description":"","publisher":{"@id":"https:\/\/codiba.cat\/es\/#organization"},"potentialAction":[{"@type":"SearchAction","target":{"@type":"EntryPoint","urlTemplate":"https:\/\/codiba.cat\/es\/?s={search_term_string}"},"query-input":"required name=search_term_string"}],"inLanguage":"es"},{"@type":"Organization","@id":"https:\/\/codiba.cat\/es\/#organization","name":"Codiba | Distribuci\u00f3 de begudes l\u00edder en el Vall\u00e8s Oriental","url":"https:\/\/codiba.cat\/es\/","logo":{"@type":"ImageObject","inLanguage":"es","@id":"https:\/\/codiba.cat\/es\/#\/schema\/logo\/image\/","url":"https:\/\/codiba.cat\/wp-content\/uploads\/2023\/09\/CODIBA.png","contentUrl":"https:\/\/codiba.cat\/wp-content\/uploads\/2023\/09\/CODIBA.png","width":1260,"height":1260,"caption":"Codiba | Distribuci\u00f3 de begudes l\u00edder en el Vall\u00e8s Oriental"},"image":{"@id":"https:\/\/codiba.cat\/es\/#\/schema\/logo\/image\/"}}]}},"_links":{"self":[{"href":"https:\/\/codiba.cat\/es\/wp-json\/wp\/v2\/product\/266","targetHints":{"allow":["GET"]}}],"collection":[{"href":"https:\/\/codiba.cat\/es\/wp-json\/wp\/v2\/product"}],"about":[{"href":"https:\/\/codiba.cat\/es\/wp-json\/wp\/v2\/types\/product"}],"wp:featuredmedia":[{"embeddable":true,"href":"https:\/\/codiba.cat\/es\/wp-json\/wp\/v2\/media\/269"}],"wp:attachment":[{"href":"https:\/\/codiba.cat\/es\/wp-json\/wp\/v2\/media?parent=266"}],"wp:term":[{"taxonomy":"product_cat","embeddable":true,"href":"https:\/\/codiba.cat\/es\/wp-json\/wp\/v2\/product_cat?post=266"},{"taxonomy":"product_tag","embeddable":true,"href":"https:\/\/codiba.cat\/es\/wp-json\/wp\/v2\/product_tag?post=266"}],"curies":[{"name":"wp","href":"https:\/\/api.w.org\/{rel}","templated":true}]}}