{"id":86,"date":"2020-11-28T07:14:31","date_gmt":"2020-11-28T06:14:31","guid":{"rendered":"https:\/\/codiba.cat\/?page_id=86"},"modified":"2023-11-25T22:24:25","modified_gmt":"2023-11-25T21:24:25","slug":"qui-som","status":"publish","type":"page","link":"https:\/\/codiba.cat\/es\/qui-som\/","title":{"rendered":"Qui som?"},"content":{"rendered":"<div data-elementor-type=\"wp-page\" data-elementor-id=\"86\" class=\"elementor elementor-86\">\n\t\t\t\t\t\t\t\t\t<section class=\"elementor-section elementor-top-section elementor-element elementor-element-7df78ed elementor-section-boxed elementor-section-height-default elementor-section-height-default\" data-id=\"7df78ed\" data-element_type=\"section\">\n\t\t\t\t\t\t<div class=\"elementor-container elementor-column-gap-no\">\n\t\t\t\t\t<div class=\"aux-parallax-section elementor-column elementor-col-100 elementor-top-column elementor-element elementor-element-2f55192\" data-id=\"2f55192\" data-element_type=\"column\">\n\t\t\t<div class=\"elementor-widget-wrap elementor-element-populated\">\n\t\t\t\t\t\t\t\t<div class=\"elementor-element elementor-element-7270d60 aux-appear-watch-animation aux-fade-in-up elementor-widget elementor-widget-aux_modern_heading\" data-id=\"7270d60\" data-element_type=\"widget\" data-widget_type=\"aux_modern_heading.default\">\n\t\t\t\t<div class=\"elementor-widget-container\">\n\t\t\t<section class=\"aux-widget-modern-heading\">\n            <div class=\"aux-widget-inner\"><h5 class=\"aux-modern-heading-primary\">EMPRESA DE DISTRIBUCI\u00d3 DE BEGUDES L\u00cdDER EN EL VALL\u00c8S ORIENTAL<\/h5><h4 class=\"aux-modern-heading-secondary\"><span class=\"aux-head-before\">M\u00c9S DE 35 ANYS EN EL SECTOR<\/span><\/h4><\/div>\n        <\/section>\t\t<\/div>\n\t\t\t\t<\/div>\n\t\t\t\t<div class=\"elementor-element elementor-element-210ee86 aux-appear-watch-animation aux-fade-in-up elementor-widget elementor-widget-aux_image\" data-id=\"210ee86\" data-element_type=\"widget\" data-widget_type=\"aux_image.default\">\n\t\t\t\t<div class=\"elementor-widget-container\">\n\t\t\t<section class=\"widget-container aux-widget-image aux-alignnone aux-parent-au25322207\">\n    <div class=\"aux-media-hint-frame\">\n        <div class=\"aux-media-image\" >\n        \n            \n\n            \n            <img decoding=\"async\" src=\"https:\/\/codiba.cat\/wp-content\/uploads\/2023\/09\/c-9-copia-2.jpg\" alt=\"c-9 copia 2\" \/>            \n                <\/div>\n    <\/div>\n\n<\/section><!-- widget-container -->\t\t<\/div>\n\t\t\t\t<\/div>\n\t\t\t\t\t<\/div>\n\t\t<\/div>\n\t\t\t\t\t\t\t<\/div>\n\t\t<\/section>\n\t\t\t\t<section class=\"elementor-section elementor-top-section elementor-element elementor-element-150a91a elementor-section-content-middle elementor-section-boxed elementor-section-height-default elementor-section-height-default\" data-id=\"150a91a\" data-element_type=\"section\">\n\t\t\t\t\t\t<div class=\"elementor-container elementor-column-gap-no\">\n\t\t\t\t\t<div class=\"aux-parallax-section elementor-column elementor-col-33 elementor-top-column elementor-element elementor-element-8587cc5\" data-id=\"8587cc5\" data-element_type=\"column\">\n\t\t\t<div class=\"elementor-widget-wrap elementor-element-populated\">\n\t\t\t\t\t\t\t\t<div class=\"elementor-element elementor-element-c03bfca aux-appear-watch-animation aux-slide-from-bot elementor-widget elementor-widget-heading\" data-id=\"c03bfca\" data-element_type=\"widget\" data-widget_type=\"heading.default\">\n\t\t\t\t<div class=\"elementor-widget-container\">\n\t\t\t<h3 class=\"elementor-heading-title elementor-size-default\">Codiba<br>distribuci\u00f3<\/h3>\t\t<\/div>\n\t\t\t\t<\/div>\n\t\t\t\t\t<\/div>\n\t\t<\/div>\n\t\t\t\t<div class=\"aux-parallax-section elementor-column elementor-col-33 elementor-top-column elementor-element elementor-element-5ab0063\" data-id=\"5ab0063\" data-element_type=\"column\">\n\t\t\t<div class=\"elementor-widget-wrap elementor-element-populated\">\n\t\t\t\t\t\t\t\t<div class=\"elementor-element elementor-element-105ff91 aux-appear-watch-animation aux-fade-in elementor-widget elementor-widget-text-editor\" data-id=\"105ff91\" data-element_type=\"widget\" data-widget_type=\"text-editor.default\">\n\t\t\t\t<div class=\"elementor-widget-container\">\n\t\t\t\t\t\t\t<p>Codiba \u00e9s una <strong>empresa de distribuci\u00f3 de begudes l\u00edder en el Vall\u00e8s Oriental<\/strong>, que amb una traject\u00f2ria de 30 anys en el sector, est\u00e0 consolidada, i amb qui han confiat la distribuci\u00f3 dels seus productes grans empreses com <strong>Damm, Coca-Cola, llet Pascual, Aig\u00fces del Montseny i Caves Hill<\/strong> entre d\u2019altres.<\/p>\t\t\t\t\t\t<\/div>\n\t\t\t\t<\/div>\n\t\t\t\t\t<\/div>\n\t\t<\/div>\n\t\t\t\t<div class=\"aux-parallax-section elementor-column elementor-col-33 elementor-top-column elementor-element elementor-element-83ede99\" data-id=\"83ede99\" data-element_type=\"column\">\n\t\t\t<div class=\"elementor-widget-wrap elementor-element-populated\">\n\t\t\t\t\t\t\t\t<div class=\"elementor-element elementor-element-f33a06c aux-appear-watch-animation aux-fade-in elementor-widget elementor-widget-text-editor\" data-id=\"f33a06c\" data-element_type=\"widget\" data-widget_type=\"text-editor.default\">\n\t\t\t\t<div class=\"elementor-widget-container\">\n\t\t\t\t\t\t\t<p><strong>Qualitat, proximitat, comprom\u00eds, immediatesa i esperit de servei<\/strong>, s\u00f3n els valors que la fan \u00fanica. Una empresa d\u2019arrels familiars, que s\u2019ha sabut adaptar als temps i que t\u00e9 per filosofia el<strong> tracte igualitari a tots els clients<\/strong>. La fidelitat dels nostres compradors el que els fa grans.<\/p>\t\t\t\t\t\t<\/div>\n\t\t\t\t<\/div>\n\t\t\t\t\t<\/div>\n\t\t<\/div>\n\t\t\t\t\t\t\t<\/div>\n\t\t<\/section>\n\t\t\t\t<section class=\"elementor-section elementor-top-section elementor-element elementor-element-a5c28fa elementor-section-content-middle elementor-section-boxed elementor-section-height-default elementor-section-height-default\" data-id=\"a5c28fa\" data-element_type=\"section\">\n\t\t\t\t\t\t<div class=\"elementor-container elementor-column-gap-no\">\n\t\t\t\t\t<div class=\"aux-parallax-section elementor-column elementor-col-66 elementor-top-column elementor-element elementor-element-c5f092a\" data-id=\"c5f092a\" data-element_type=\"column\">\n\t\t\t<div class=\"elementor-widget-wrap elementor-element-populated\">\n\t\t\t\t\t\t\t\t<div class=\"elementor-element elementor-element-dfa3b46 aux-appear-watch-animation aux-fade-in-left elementor-widget elementor-widget-aux_image\" data-id=\"dfa3b46\" data-element_type=\"widget\" data-widget_type=\"aux_image.default\">\n\t\t\t\t<div class=\"elementor-widget-container\">\n\t\t\t<section class=\"widget-container aux-widget-image aux-alignnone aux-parent-au331221a1\">\n    <div class=\"aux-media-hint-frame\">\n        <div class=\"aux-media-image\" >\n        \n            \n\n            \n            <img decoding=\"async\" src=\"https:\/\/codiba.cat\/wp-content\/uploads\/2023\/09\/panoramicas-copia.jpg\" alt=\"panoramicas copia\" \/>            \n                <\/div>\n    <\/div>\n\n<\/section><!-- widget-container -->\t\t<\/div>\n\t\t\t\t<\/div>\n\t\t\t\t\t<\/div>\n\t\t<\/div>\n\t\t\t\t<div class=\"aux-parallax-section elementor-column elementor-col-33 elementor-top-column elementor-element elementor-element-308604a\" data-id=\"308604a\" data-element_type=\"column\">\n\t\t\t<div class=\"elementor-widget-wrap elementor-element-populated\">\n\t\t\t\t\t\t\t\t<div class=\"elementor-element elementor-element-9e5c413 aux-appear-watch-animation aux-fade-in-up elementor-widget elementor-widget-aux_modern_heading\" data-id=\"9e5c413\" data-element_type=\"widget\" data-widget_type=\"aux_modern_heading.default\">\n\t\t\t\t<div class=\"elementor-widget-container\">\n\t\t\t<section class=\"aux-widget-modern-heading\">\n            <div class=\"aux-widget-inner\"><p class=\"aux-modern-heading-primary\">Qui som?<\/p><h3 class=\"aux-modern-heading-secondary\"><span class=\"aux-head-before\">Trajectoria<\/span><\/h3><div class=\"aux-modern-heading-description\"><p>Som una empresa consolidada amb qui han confiat la distribuci\u00f3 dels seus productes grans empreses com Damm, Coca-Cola, llet Pascual, Torell\u00f3, Pascual, Bezoya, Veri, Coca Cola, St. Aniol, Vichy, Abadal, Bargall\u00f3, Vilarnau, 23.6, Ibedul, Sierra Morena, Granini, Aquabona, Valserrano, Trossos Priorat, Tararot, Ferrer Wines i Caves Hill entre d\u2019altres.<\/p><p>Qualitat, proximitat, comprom\u00eds, immediatesa i esperit de servei, s\u00f3n els valors que la fan \u00fanica.<br \/>Una empresa d\u2019arrels familiars, que s\u2019ha sabut adaptar als temps i que t\u00e9 per filosofia el tracte igualitari a tots els clients, no \u00e9s la quantitat sin\u00f3 la fidelitat dels nostres compradors el que els fa grans.<br \/>Els nostres clients, el nostre principal actiu.<\/p><\/div><\/div>\n        <\/section>\t\t<\/div>\n\t\t\t\t<\/div>\n\t\t\t\t<section class=\"elementor-section elementor-inner-section elementor-element elementor-element-cd279dc elementor-section-boxed elementor-section-height-default elementor-section-height-default\" data-id=\"cd279dc\" data-element_type=\"section\">\n\t\t\t\t\t\t<div class=\"elementor-container elementor-column-gap-default\">\n\t\t\t\t\t<div class=\"aux-parallax-section elementor-column elementor-col-33 elementor-inner-column elementor-element elementor-element-cf8b55e\" data-id=\"cf8b55e\" data-element_type=\"column\">\n\t\t\t<div class=\"elementor-widget-wrap elementor-element-populated\">\n\t\t\t\t\t\t\t\t<div class=\"elementor-element elementor-element-e68327c aux-appear-watch-animation aux-scale-down elementor-widget elementor-widget-aux_counter\" data-id=\"e68327c\" data-element_type=\"widget\" data-widget_type=\"aux_counter.default\">\n\t\t\t\t<div class=\"elementor-widget-container\">\n\t\t\t\t\t<div class=\"aux-counter\">\n\t\t\t<div class=\"aux-counter-number-wrapper\">\n\t\t\t\t<span class=\"aux-counter-number-prefix\"><\/span>\n\t\t\t\t<span class=\"aux-counter-number\" data-duration=\"2000\" data-to-value=\"6\" data-from-value=\"1\" data-delay=\"0\" data-easing=\"\" data-delimiter=\",\">1<\/span>\n\t\t\t\t<span class=\"aux-counter-number-suffix\">K<\/span>\n\t\t\t<\/div>\n\t\t\t\t\t\t\t<div class=\"aux-counter-title\">Clients Codiba<\/div>\n\t\t\t\t\t<\/div>\n\t\t\t\t<\/div>\n\t\t\t\t<\/div>\n\t\t\t\t\t<\/div>\n\t\t<\/div>\n\t\t\t\t<div class=\"aux-parallax-section elementor-column elementor-col-33 elementor-inner-column elementor-element elementor-element-93bc684\" data-id=\"93bc684\" data-element_type=\"column\">\n\t\t\t<div class=\"elementor-widget-wrap elementor-element-populated\">\n\t\t\t\t\t\t\t\t<div class=\"elementor-element elementor-element-7095e16 aux-appear-watch-animation aux-scale-down elementor-widget elementor-widget-aux_counter\" data-id=\"7095e16\" data-element_type=\"widget\" data-widget_type=\"aux_counter.default\">\n\t\t\t\t<div class=\"elementor-widget-container\">\n\t\t\t\t\t<div class=\"aux-counter\">\n\t\t\t<div class=\"aux-counter-number-wrapper\">\n\t\t\t\t<span class=\"aux-counter-number-prefix\"><\/span>\n\t\t\t\t<span class=\"aux-counter-number\" data-duration=\"2000\" data-to-value=\"7\" data-from-value=\"1\" data-delay=\"0\" data-easing=\"\" data-delimiter=\",\">1<\/span>\n\t\t\t\t<span class=\"aux-counter-number-suffix\">K<\/span>\n\t\t\t<\/div>\n\t\t\t\t\t\t\t<div class=\"aux-counter-title\">Clients CocaCola<\/div>\n\t\t\t\t\t<\/div>\n\t\t\t\t<\/div>\n\t\t\t\t<\/div>\n\t\t\t\t\t<\/div>\n\t\t<\/div>\n\t\t\t\t<div class=\"aux-parallax-section elementor-column elementor-col-33 elementor-inner-column elementor-element elementor-element-ee7f8b4\" data-id=\"ee7f8b4\" data-element_type=\"column\">\n\t\t\t<div class=\"elementor-widget-wrap elementor-element-populated\">\n\t\t\t\t\t\t\t\t<div class=\"elementor-element elementor-element-e1d9146 aux-appear-watch-animation aux-scale-down elementor-widget elementor-widget-aux_counter\" data-id=\"e1d9146\" data-element_type=\"widget\" data-widget_type=\"aux_counter.default\">\n\t\t\t\t<div class=\"elementor-widget-container\">\n\t\t\t\t\t<div class=\"aux-counter\">\n\t\t\t<div class=\"aux-counter-number-wrapper\">\n\t\t\t\t<span class=\"aux-counter-number-prefix\"><\/span>\n\t\t\t\t<span class=\"aux-counter-number\" data-duration=\"2000\" data-to-value=\"4\" data-from-value=\"1\" data-delay=\"0\" data-easing=\"\" data-delimiter=\",\">1<\/span>\n\t\t\t\t<span class=\"aux-counter-number-suffix\">K<\/span>\n\t\t\t<\/div>\n\t\t\t\t\t\t\t<div class=\"aux-counter-title\">M\u00b2 de nau<\/div>\n\t\t\t\t\t<\/div>\n\t\t\t\t<\/div>\n\t\t\t\t<\/div>\n\t\t\t\t\t<\/div>\n\t\t<\/div>\n\t\t\t\t\t\t\t<\/div>\n\t\t<\/section>\n\t\t\t\t\t<\/div>\n\t\t<\/div>\n\t\t\t\t\t\t\t<\/div>\n\t\t<\/section>\n\t\t\t\t\t\t\t<\/div>","protected":false},"excerpt":{"rendered":"<p>EMPRESA DE DISTRIBUCI\u00d3 DE BEGUDES L\u00cdDER EN EL VALL\u00c8S ORIENTAL M\u00c9S DE 35 ANYS EN EL SECTOR Codibadistribuci\u00f3 Codiba \u00e9s una empresa de distribuci\u00f3 de begudes l\u00edder en el Vall\u00e8s Oriental, que amb una traject\u00f2ria de 30 anys en el sector, est\u00e0 consolidada, i amb qui han confiat la distribuci\u00f3 dels seus productes grans empreses [&hellip;]<\/p>","protected":false},"author":1,"featured_media":0,"parent":0,"menu_order":0,"comment_status":"closed","ping_status":"closed","template":"templates\/page-builder-content.php","meta":{"footnotes":""},"class_list":["post-86","page","type-page","status-publish","hentry"],"yoast_head":"<!-- This site is optimized with the Yoast SEO plugin v21.5 - https:\/\/yoast.com\/wordpress\/plugins\/seo\/ -->\n<title>Qui som? - Codiba | Distribuci\u00f3 de begudes l\u00edder en el Vall\u00e8s Oriental<\/title>\n<meta name=\"description\" content=\"35 anys en el sector, distribuci\u00f3 dels seus productes grans empreses com Damm, Coca-Cola, llet Pascual i Caves Hill entre d\u2019altres.\" \/>\n<meta name=\"robots\" content=\"index, follow, max-snippet:-1, max-image-preview:large, max-video-preview:-1\" \/>\n<link rel=\"canonical\" href=\"https:\/\/codiba.cat\/es\/qui-som\/\" \/>\n<meta property=\"og:locale\" content=\"es_ES\" \/>\n<meta property=\"og:type\" content=\"article\" \/>\n<meta property=\"og:title\" content=\"Qui som? - Codiba | Distribuci\u00f3 de begudes l\u00edder en el Vall\u00e8s Oriental\" \/>\n<meta property=\"og:description\" content=\"35 anys en el sector, distribuci\u00f3 dels seus productes grans empreses com Damm, Coca-Cola, llet Pascual i Caves Hill entre d\u2019altres.\" \/>\n<meta property=\"og:url\" content=\"https:\/\/codiba.cat\/es\/qui-som\/\" \/>\n<meta property=\"og:site_name\" content=\"Codiba | Distribuci\u00f3 de begudes l\u00edder en el Vall\u00e8s Oriental\" \/>\n<meta property=\"article:modified_time\" content=\"2023-11-25T21:24:25+00:00\" \/>\n<meta property=\"og:image\" content=\"https:\/\/codiba.cat\/wp-content\/uploads\/2023\/09\/c-9-copia-2.jpg\" \/>\n<meta name=\"twitter:card\" content=\"summary_large_image\" \/>\n<meta name=\"twitter:label1\" content=\"Tiempo de lectura\" \/>\n\t<meta name=\"twitter:data1\" content=\"2 minutos\" \/>\n<script type=\"application\/ld+json\" class=\"yoast-schema-graph\">{\"@context\":\"https:\/\/schema.org\",\"@graph\":[{\"@type\":\"WebPage\",\"@id\":\"https:\/\/codiba.cat\/qui-som\/\",\"url\":\"https:\/\/codiba.cat\/qui-som\/\",\"name\":\"Qui som? - Codiba | Distribuci\u00f3 de begudes l\u00edder en el Vall\u00e8s Oriental\",\"isPartOf\":{\"@id\":\"https:\/\/codiba.cat\/es\/#website\"},\"datePublished\":\"2020-11-28T06:14:31+00:00\",\"dateModified\":\"2023-11-25T21:24:25+00:00\",\"description\":\"35 anys en el sector, distribuci\u00f3 dels seus productes grans empreses com Damm, Coca-Cola, llet Pascual i Caves Hill entre d\u2019altres.\",\"breadcrumb\":{\"@id\":\"https:\/\/codiba.cat\/qui-som\/#breadcrumb\"},\"inLanguage\":\"es\",\"potentialAction\":[{\"@type\":\"ReadAction\",\"target\":[\"https:\/\/codiba.cat\/qui-som\/\"]}]},{\"@type\":\"BreadcrumbList\",\"@id\":\"https:\/\/codiba.cat\/qui-som\/#breadcrumb\",\"itemListElement\":[{\"@type\":\"ListItem\",\"position\":1,\"name\":\"Portada\",\"item\":\"https:\/\/codiba.cat\/es\/\"},{\"@type\":\"ListItem\",\"position\":2,\"name\":\"Qui som?\"}]},{\"@type\":\"WebSite\",\"@id\":\"https:\/\/codiba.cat\/es\/#website\",\"url\":\"https:\/\/codiba.cat\/es\/\",\"name\":\"Codiba | Distribuci\u00f3 de begudes l\u00edder en el Vall\u00e8s Oriental\",\"description\":\"\",\"publisher\":{\"@id\":\"https:\/\/codiba.cat\/es\/#organization\"},\"potentialAction\":[{\"@type\":\"SearchAction\",\"target\":{\"@type\":\"EntryPoint\",\"urlTemplate\":\"https:\/\/codiba.cat\/es\/?s={search_term_string}\"},\"query-input\":\"required name=search_term_string\"}],\"inLanguage\":\"es\"},{\"@type\":\"Organization\",\"@id\":\"https:\/\/codiba.cat\/es\/#organization\",\"name\":\"Codiba | Distribuci\u00f3 de begudes l\u00edder en el Vall\u00e8s Oriental\",\"url\":\"https:\/\/codiba.cat\/es\/\",\"logo\":{\"@type\":\"ImageObject\",\"inLanguage\":\"es\",\"@id\":\"https:\/\/codiba.cat\/es\/#\/schema\/logo\/image\/\",\"url\":\"https:\/\/codiba.cat\/wp-content\/uploads\/2023\/09\/CODIBA.png\",\"contentUrl\":\"https:\/\/codiba.cat\/wp-content\/uploads\/2023\/09\/CODIBA.png\",\"width\":1260,\"height\":1260,\"caption\":\"Codiba | Distribuci\u00f3 de begudes l\u00edder en el Vall\u00e8s Oriental\"},\"image\":{\"@id\":\"https:\/\/codiba.cat\/es\/#\/schema\/logo\/image\/\"}}]}<\/script>\n<!-- \/ Yoast SEO plugin. -->","yoast_head_json":{"title":"Qui som? - Codiba | Distribuci\u00f3 de begudes l\u00edder en el Vall\u00e8s Oriental","description":"35 anys en el sector, distribuci\u00f3 dels seus productes grans empreses com Damm, Coca-Cola, llet Pascual i Caves Hill entre d\u2019altres.","robots":{"index":"index","follow":"follow","max-snippet":"max-snippet:-1","max-image-preview":"max-image-preview:large","max-video-preview":"max-video-preview:-1"},"canonical":"https:\/\/codiba.cat\/es\/qui-som\/","og_locale":"es_ES","og_type":"article","og_title":"Qui som? - Codiba | Distribuci\u00f3 de begudes l\u00edder en el Vall\u00e8s Oriental","og_description":"35 anys en el sector, distribuci\u00f3 dels seus productes grans empreses com Damm, Coca-Cola, llet Pascual i Caves Hill entre d\u2019altres.","og_url":"https:\/\/codiba.cat\/es\/qui-som\/","og_site_name":"Codiba | Distribuci\u00f3 de begudes l\u00edder en el Vall\u00e8s Oriental","article_modified_time":"2023-11-25T21:24:25+00:00","og_image":[{"url":"https:\/\/codiba.cat\/wp-content\/uploads\/2023\/09\/c-9-copia-2.jpg"}],"twitter_card":"summary_large_image","twitter_misc":{"Tiempo de lectura":"2 minutos"},"schema":{"@context":"https:\/\/schema.org","@graph":[{"@type":"WebPage","@id":"https:\/\/codiba.cat\/qui-som\/","url":"https:\/\/codiba.cat\/qui-som\/","name":"Qui som? - Codiba | Distribuci\u00f3 de begudes l\u00edder en el Vall\u00e8s Oriental","isPartOf":{"@id":"https:\/\/codiba.cat\/es\/#website"},"datePublished":"2020-11-28T06:14:31+00:00","dateModified":"2023-11-25T21:24:25+00:00","description":"35 anys en el sector, distribuci\u00f3 dels seus productes grans empreses com Damm, Coca-Cola, llet Pascual i Caves Hill entre d\u2019altres.","breadcrumb":{"@id":"https:\/\/codiba.cat\/qui-som\/#breadcrumb"},"inLanguage":"es","potentialAction":[{"@type":"ReadAction","target":["https:\/\/codiba.cat\/qui-som\/"]}]},{"@type":"BreadcrumbList","@id":"https:\/\/codiba.cat\/qui-som\/#breadcrumb","itemListElement":[{"@type":"ListItem","position":1,"name":"Portada","item":"https:\/\/codiba.cat\/es\/"},{"@type":"ListItem","position":2,"name":"Qui som?"}]},{"@type":"WebSite","@id":"https:\/\/codiba.cat\/es\/#website","url":"https:\/\/codiba.cat\/es\/","name":"Codiba | Distribuci\u00f3 de begudes l\u00edder en el Vall\u00e8s Oriental","description":"","publisher":{"@id":"https:\/\/codiba.cat\/es\/#organization"},"potentialAction":[{"@type":"SearchAction","target":{"@type":"EntryPoint","urlTemplate":"https:\/\/codiba.cat\/es\/?s={search_term_string}"},"query-input":"required name=search_term_string"}],"inLanguage":"es"},{"@type":"Organization","@id":"https:\/\/codiba.cat\/es\/#organization","name":"Codiba | Distribuci\u00f3 de begudes l\u00edder en el Vall\u00e8s Oriental","url":"https:\/\/codiba.cat\/es\/","logo":{"@type":"ImageObject","inLanguage":"es","@id":"https:\/\/codiba.cat\/es\/#\/schema\/logo\/image\/","url":"https:\/\/codiba.cat\/wp-content\/uploads\/2023\/09\/CODIBA.png","contentUrl":"https:\/\/codiba.cat\/wp-content\/uploads\/2023\/09\/CODIBA.png","width":1260,"height":1260,"caption":"Codiba | Distribuci\u00f3 de begudes l\u00edder en el Vall\u00e8s Oriental"},"image":{"@id":"https:\/\/codiba.cat\/es\/#\/schema\/logo\/image\/"}}]}},"_links":{"self":[{"href":"https:\/\/codiba.cat\/es\/wp-json\/wp\/v2\/pages\/86","targetHints":{"allow":["GET"]}}],"collection":[{"href":"https:\/\/codiba.cat\/es\/wp-json\/wp\/v2\/pages"}],"about":[{"href":"https:\/\/codiba.cat\/es\/wp-json\/wp\/v2\/types\/page"}],"author":[{"embeddable":true,"href":"https:\/\/codiba.cat\/es\/wp-json\/wp\/v2\/users\/1"}],"replies":[{"embeddable":true,"href":"https:\/\/codiba.cat\/es\/wp-json\/wp\/v2\/comments?post=86"}],"version-history":[{"count":16,"href":"https:\/\/codiba.cat\/es\/wp-json\/wp\/v2\/pages\/86\/revisions"}],"predecessor-version":[{"id":265,"href":"https:\/\/codiba.cat\/es\/wp-json\/wp\/v2\/pages\/86\/revisions\/265"}],"wp:attachment":[{"href":"https:\/\/codiba.cat\/es\/wp-json\/wp\/v2\/media?parent=86"}],"curies":[{"name":"wp","href":"https:\/\/api.w.org\/{rel}","templated":true}]}}