{"id":81,"date":"2020-11-28T07:19:16","date_gmt":"2020-11-28T06:19:16","guid":{"rendered":"https:\/\/codiba.cat\/?page_id=81"},"modified":"2023-12-05T17:03:14","modified_gmt":"2023-12-05T16:03:14","slug":"contacta","status":"publish","type":"page","link":"https:\/\/codiba.cat\/es\/contacta\/","title":{"rendered":"Contacta"},"content":{"rendered":"<div data-elementor-type=\"wp-page\" data-elementor-id=\"81\" class=\"elementor elementor-81\">\n\t\t\t\t\t\t\t\t\t<section class=\"elementor-section elementor-top-section elementor-element elementor-element-5619a24 elementor-reverse-mobile elementor-section-boxed elementor-section-height-default elementor-section-height-default\" data-id=\"5619a24\" data-element_type=\"section\">\n\t\t\t\t\t\t<div class=\"elementor-container elementor-column-gap-no\">\n\t\t\t\t\t<div class=\"aux-parallax-section elementor-column elementor-col-50 elementor-top-column elementor-element elementor-element-360322b\" data-id=\"360322b\" data-element_type=\"column\">\n\t\t\t<div class=\"elementor-widget-wrap elementor-element-populated\">\n\t\t\t\t\t\t\t\t<div class=\"elementor-element elementor-element-2a10da5 aux-appear-watch-animation aux-slide-from-top elementor-widget elementor-widget-aux_modern_heading\" data-id=\"2a10da5\" data-element_type=\"widget\" data-widget_type=\"aux_modern_heading.default\">\n\t\t\t\t<div class=\"elementor-widget-container\">\n\t\t\t<section class=\"aux-widget-modern-heading\">\n            <div class=\"aux-widget-inner\"><p class=\"aux-modern-heading-primary\">Contacta<\/p><h3 class=\"aux-modern-heading-secondary\"><span class=\"aux-head-before\">Amb Codiba<\/span><\/h3><div class=\"aux-modern-heading-description\">La teva adre\u00e7a de correu electr\u00f2nic no es publicar\u00e0. Els camps obligatoris estan marcats*<\/div><\/div>\n        <\/section>\t\t<\/div>\n\t\t\t\t<\/div>\n\t\t\t\t<div class=\"elementor-element elementor-element-dc07ffd aux-appear-watch-animation aux-fade-in-up elementor-widget elementor-widget-aux_contact_form\" data-id=\"dc07ffd\" data-element_type=\"widget\" data-widget_type=\"aux_contact_form.default\">\n\t\t\t\t<div class=\"elementor-widget-container\">\n\t\t\t<section class=\"widget-container aux-widget-contact-form aux-parent-au241723b8\">            <div class=\"aux-col-wrapper aux-no-gutter\">\n            <!-- @TODO - The output for element here -->\n\n            \n<div class=\"wpcf7 no-js\" id=\"wpcf7-f21-o1\" lang=\"es-ES\" dir=\"ltr\">\n<div class=\"screen-reader-response\"><p role=\"status\" aria-live=\"polite\" aria-atomic=\"true\"><\/p> <ul><\/ul><\/div>\n<form action=\"\/es\/wp-json\/wp\/v2\/pages\/81#wpcf7-f21-o1\" method=\"post\" class=\"wpcf7-form init\" aria-label=\"Formulario de contacto\" novalidate=\"novalidate\" data-status=\"init\" data-trp-original-action=\"\/es\/wp-json\/wp\/v2\/pages\/81#wpcf7-f21-o1\">\n<div style=\"display: none;\">\n<input type=\"hidden\" name=\"_wpcf7\" value=\"21\" \/>\n<input type=\"hidden\" name=\"_wpcf7_version\" value=\"5.8\" \/>\n<input type=\"hidden\" name=\"_wpcf7_locale\" value=\"es_ES\" \/>\n<input type=\"hidden\" name=\"_wpcf7_unit_tag\" value=\"wpcf7-f21-o1\" \/>\n<input type=\"hidden\" name=\"_wpcf7_container_post\" value=\"0\" \/>\n<input type=\"hidden\" name=\"_wpcf7_posted_data_hash\" value=\"\" \/>\n<\/div>\n<p><label> Nom<br \/>\n<span class=\"wpcf7-form-control-wrap\" data-name=\"your-name\"><input size=\"40\" class=\"wpcf7-form-control wpcf7-text wpcf7-validates-as-required\" autocomplete=\"nom\" aria-required=\"true\" aria-invalid=\"false\" value=\"\" type=\"text\" name=\"your-name\" \/><\/span> <\/label>\n<\/p>\n<p><label> Tel\u00e8fon<br \/>\n<span class=\"wpcf7-form-control-wrap\" data-name=\"tel-724\"><input size=\"40\" class=\"wpcf7-form-control wpcf7-tel wpcf7-validates-as-required wpcf7-text wpcf7-validates-as-tel\" aria-required=\"true\" aria-invalid=\"false\" value=\"\" type=\"tel\" name=\"tel-724\" \/><\/span> <\/label>\n<\/p>\n<p><label> Mail<br \/>\n<span class=\"wpcf7-form-control-wrap\" data-name=\"your-email\"><input size=\"40\" class=\"wpcf7-form-control wpcf7-email wpcf7-validates-as-required wpcf7-text wpcf7-validates-as-email\" autocomplete=\"mail\" aria-required=\"true\" aria-invalid=\"false\" value=\"\" type=\"email\" name=\"your-email\" \/><\/span> <\/label>\n<\/p>\n<p><label> Assumpte<br \/>\n<span class=\"wpcf7-form-control-wrap\" data-name=\"your-subject\"><input size=\"40\" class=\"wpcf7-form-control wpcf7-text wpcf7-validates-as-required\" aria-required=\"true\" aria-invalid=\"false\" value=\"\" type=\"text\" name=\"your-subject\" \/><\/span> <\/label>\n<\/p>\n<p><label> Comentaris (opcional)<br \/>\n<span class=\"wpcf7-form-control-wrap\" data-name=\"your-message\"><textarea cols=\"40\" rows=\"10\" class=\"wpcf7-form-control wpcf7-textarea\" aria-invalid=\"false\" name=\"your-message\"><\/textarea><\/span> <\/label>\n<\/p>\n<p><label> <span class=\"wpcf7-form-control-wrap\" data-name=\"acceptance-154\"><span class=\"wpcf7-form-control wpcf7-acceptance optional\"><span class=\"wpcf7-list-item\"><input type=\"checkbox\" name=\"acceptance-154\" value=\"1\" aria-invalid=\"false\" \/><\/span><\/span><\/span> Accepto la pol\u00edtica de privacitat.<\/label><br \/>\n<input type=\"hidden\" name=\"_wpcf7_captcha_challenge_captcha-1\" value=\"1938770167\" \/><img loading=\"lazy\" decoding=\"async\" class=\"wpcf7-form-control wpcf7-captchac wpcf7-captcha-captcha-1\" width=\"72\" height=\"24\" alt=\"captcha\" src=\"https:\/\/codiba.cat\/wp-content\/uploads\/wpcf7_captcha\/1938770167.png\" \/><span class=\"wpcf7-form-control-wrap\" data-name=\"captcha-1\"><input size=\"40\" class=\"wpcf7-form-control wpcf7-captchar\" autocomplete=\"off\" aria-invalid=\"false\" value=\"\" type=\"text\" name=\"captcha-1\" \/><\/span>\n<\/p>\n<p><input class=\"wpcf7-form-control wpcf7-submit has-spinner\" type=\"submit\" value=\"Enviar\" \/>\n<\/p><div class=\"wpcf7-response-output\" aria-hidden=\"true\"><\/div>\n<input type=\"hidden\" name=\"trp-form-language\" value=\"es\"\/><\/form>\n<\/div>\n\n\n            <\/div><!-- aux-col-wrapper -->\n    <\/section><!-- widget-container -->\t\t<\/div>\n\t\t\t\t<\/div>\n\t\t\t\t\t<\/div>\n\t\t<\/div>\n\t\t\t\t<div class=\"aux-parallax-section elementor-column elementor-col-50 elementor-top-column elementor-element elementor-element-e789a50\" data-id=\"e789a50\" data-element_type=\"column\">\n\t\t\t<div class=\"elementor-widget-wrap elementor-element-populated\">\n\t\t\t\t\t\t\t\t<div class=\"elementor-element elementor-element-df9add8 elementor-widget elementor-widget-google_maps\" data-id=\"df9add8\" data-element_type=\"widget\" data-widget_type=\"google_maps.default\">\n\t\t\t\t<div class=\"elementor-widget-container\">\n\t\t\t\t\t<div class=\"elementor-custom-embed\">\n\t\t\t<iframe loading=\"lazy\"\n\t\t\t\t\tsrc=\"https:\/\/maps.google.com\/maps?q=Carrer%20Palautordera%2C%2040%2C%2046%2C%2008450%20Llinars%20del%20Vall%C3%A8s%2C%20Barcelona&#038;t=m&#038;z=13&#038;output=embed&#038;iwloc=near\"\n\t\t\t\t\ttitle=\"Carrer Palautordera, 40, 46, 08450 Llinars del Vall\u00e8s, Barcelona\"\n\t\t\t\t\taria-label=\"Carrer Palautordera, 40, 46, 08450 Llinars del Vall\u00e8s, Barcelona\"\n\t\t\t><\/iframe>\n\t\t<\/div>\n\t\t\t\t<\/div>\n\t\t\t\t<\/div>\n\t\t\t\t\t<\/div>\n\t\t<\/div>\n\t\t\t\t\t\t\t<\/div>\n\t\t<\/section>\n\t\t\t\t<section class=\"elementor-section elementor-top-section elementor-element elementor-element-e1bcc48 elementor-section-content-middle elementor-section-boxed elementor-section-height-default elementor-section-height-default\" data-id=\"e1bcc48\" data-element_type=\"section\">\n\t\t\t\t\t\t<div class=\"elementor-container elementor-column-gap-no\">\n\t\t\t\t\t<div class=\"aux-parallax-section elementor-column elementor-col-33 elementor-top-column elementor-element elementor-element-946a7cd\" data-id=\"946a7cd\" data-element_type=\"column\">\n\t\t\t<div class=\"elementor-widget-wrap elementor-element-populated\">\n\t\t\t\t\t\t\t\t<div class=\"elementor-element elementor-element-aa7270e aux-appear-watch-animation aux-fade-in-right elementor-widget elementor-widget-aux_text\" data-id=\"aa7270e\" data-element_type=\"widget\" data-widget_type=\"aux_text.default\">\n\t\t\t\t<div class=\"elementor-widget-container\">\n\t\t\t<section class=\"widget-container aux-widget-text aux-parent-auaf9f5d15\">        <div class=\"aux-widget-advanced-text aux-wrap-style-simple aux-ico-pos-left aux-text-left aux-text-resp- aux-text-color-dark aux-text-widget-bg-center\" >\n        \n                            <div class=\"aux-text-widget-header\"  >\n                        <div class=\"aux-ico-box aux-ico-large aux-ico-clear\">\n                                                                <svg xmlns=\"http:\/\/www.w3.org\/2000\/svg\" width=\"38.074\" height=\"47.722\" viewbox=\"0 0 38.074 47.722\"><path d=\"M67.657.012A19.043,19.043,0,0,0,49.644,22.653h0s.029.205.127.6a19.081,19.081,0,0,0,1.282,3.777c1.908,4.52,6.321,12.084,16.223,20.313a1.654,1.654,0,0,0,2.113,0c9.9-8.219,14.315-15.782,16.233-20.322A18.273,18.273,0,0,0,86.9,23.241c.088-.382.127-.6.127-.6h0A19.048,19.048,0,0,0,67.657.012ZM68.332,28.5a9.246,9.246,0,1,1,9.246-9.246A9.245,9.245,0,0,1,68.332,28.5Z\" transform=\"translate(-49.299 0)\" fill=\"var( --e-global-color-primary )\" \/><\/svg>                                                    <\/div>\n                <\/div>\n            \n            <div class=\"aux-text-inner aux-text-widget-content\">\n                                <h4 class=\"col-title\">Direcci\u00f3<\/h4>\n                                <div class=\"widget-content\">\n                                        Palautordera, 40 - 46<br>\nLlinars del Vall\u00e8s, Barcelona                <\/div>\n                            <\/div>\n        <\/div>\n                    <div class=\"aux-text-widget-footer\">\n                <div class=\"aux-border-shape-none\">\n                                <\/div>\n            <\/div>\n        \n<\/section><!-- widget-container -->\t\t<\/div>\n\t\t\t\t<\/div>\n\t\t\t\t\t<\/div>\n\t\t<\/div>\n\t\t\t\t<div class=\"aux-parallax-section elementor-column elementor-col-33 elementor-top-column elementor-element elementor-element-3aa0929\" data-id=\"3aa0929\" data-element_type=\"column\">\n\t\t\t<div class=\"elementor-widget-wrap elementor-element-populated\">\n\t\t\t\t\t\t\t\t<div class=\"elementor-element elementor-element-67e1c29 elementor-widget__width-auto aux-appear-watch-animation aux-fade-in-right elementor-widget elementor-widget-aux_text\" data-id=\"67e1c29\" data-element_type=\"widget\" data-widget_type=\"aux_text.default\">\n\t\t\t\t<div class=\"elementor-widget-container\">\n\t\t\t<section class=\"widget-container aux-widget-text aux-parent-au362031ae\">        <div class=\"aux-widget-advanced-text aux-wrap-style-simple aux-ico-pos-left aux-text-left aux-text-resp- aux-text-color-dark aux-text-widget-bg-center\" >\n        \n                            <div class=\"aux-text-widget-header\"  >\n                        <div class=\"aux-ico-box aux-ico-large aux-ico-clear\">\n                                                                <svg xmlns=\"http:\/\/www.w3.org\/2000\/svg\" width=\"41.956\" height=\"41.956\" viewbox=\"0 0 41.956 41.956\"><path d=\"M362.381,69.27l-10.6-10.6,1.355-1.355a4.008,4.008,0,0,1,5.669,0l4.931,4.931a4.009,4.009,0,0,1,0,5.669Zm0,0\" transform=\"translate(-322.954 -31.914)\" fill=\"var( --e-global-color-primary )\" \/><path d=\"M56.137,354.311l1.355-1.355a4.008,4.008,0,0,1,5.669,0l4.931,4.931a4.013,4.013,0,0,1,0,5.669l-1.355,1.355Zm0,0\" transform=\"translate(-51.537 -351.781)\" fill=\"var( --e-global-color-primary )\" \/><path d=\"M37.563,34.74C33.987,37.7,29.388,38.351,24.177,36.6c-4.463-1.5-9.4-4.808-13.9-9.309S2.466,17.85.965,13.386C-.788,8.176-.141,3.577,2.823,0L13.474,10.652c-2.289,3.568,1,7.791,3.324,10.113s6.546,5.613,10.113,3.324Zm0,0\" transform=\"translate(-0.001 4.393)\" fill=\"var( --e-global-color-primary )\" \/><\/svg>                                                    <\/div>\n                <\/div>\n            \n            <div class=\"aux-text-inner aux-text-widget-content\">\n                                <h4 class=\"col-title\">Find Me<\/h4>\n                                <div class=\"widget-content\">\n                                        <p>+34 938412727<\/p>                <\/div>\n                            <\/div>\n        <\/div>\n                    <div class=\"aux-text-widget-footer\">\n                <div class=\"aux-border-shape-none\">\n                                <\/div>\n            <\/div>\n        \n<\/section><!-- widget-container -->\t\t<\/div>\n\t\t\t\t<\/div>\n\t\t\t\t\t<\/div>\n\t\t<\/div>\n\t\t\t\t<div class=\"aux-parallax-section elementor-column elementor-col-33 elementor-top-column elementor-element elementor-element-cc8d2ec\" data-id=\"cc8d2ec\" data-element_type=\"column\">\n\t\t\t<div class=\"elementor-widget-wrap elementor-element-populated\">\n\t\t\t\t\t\t\t\t<div class=\"elementor-element elementor-element-df54a24 elementor-widget__width-auto aux-appear-watch-animation aux-fade-in-right elementor-widget elementor-widget-aux_text\" data-id=\"df54a24\" data-element_type=\"widget\" data-widget_type=\"aux_text.default\">\n\t\t\t\t<div class=\"elementor-widget-container\">\n\t\t\t<section class=\"widget-container aux-widget-text aux-parent-au778fb939\">        <div class=\"aux-widget-advanced-text aux-wrap-style-simple aux-ico-pos-left aux-text-left aux-text-resp- aux-text-color-dark aux-text-widget-bg-center\" >\n        \n                            <div class=\"aux-text-widget-header\"  >\n                        <div class=\"aux-ico-box aux-ico-large aux-ico-clear\">\n                                                                <svg xmlns=\"http:\/\/www.w3.org\/2000\/svg\" width=\"46.529\" height=\"29.556\" viewbox=\"0 0 46.529 29.556\"><path d=\"M4.466,63.93q.883.5,5.323,2.991t6.8,3.83q.26.147,1.1.64t1.4.8q.558.3,1.35.682a8.8,8.8,0,0,0,1.493.566,5,5,0,0,0,1.3.189h.052a5,5,0,0,0,1.3-.189,8.8,8.8,0,0,0,1.493-.566q.792-.378,1.35-.682t1.4-.8q.844-.494,1.1-.64,2.388-1.343,12.151-6.822a11.43,11.43,0,0,0,3.167-2.582,4.861,4.861,0,0,0,1.273-3.169A2.952,2.952,0,0,0,45.3,55.807a4.534,4.534,0,0,0-2.921-.987H4.154a4.132,4.132,0,0,0-3.077,1.091A3.728,3.728,0,0,0,0,58.64a4.423,4.423,0,0,0,1.428,2.866A12.047,12.047,0,0,0,4.466,63.93Z\" transform=\"translate(0 -54.82)\" fill=\"var( --e-global-color-primary )\" \/><path d=\"M43.932,186.263q-8.516,4.66-12.93,7.242-1.48.881-2.4,1.375a16.385,16.385,0,0,1-2.454,1.007,8.994,8.994,0,0,1-2.856.514h-.053a9,9,0,0,1-2.856-.514,16.393,16.393,0,0,1-2.454-1.007q-.921-.493-2.4-1.375-3.505-2.078-12.9-7.242A13.382,13.382,0,0,1,0,184.437V201.1a2.961,2.961,0,0,0,1.22,2.372,4.519,4.519,0,0,0,2.934.987h38.22a4.519,4.519,0,0,0,2.934-.987,2.961,2.961,0,0,0,1.22-2.372V184.437A13.887,13.887,0,0,1,43.932,186.263Z\" transform=\"translate(0 -174.907)\" fill=\"var( --e-global-color-primary )\" \/><\/svg>                                                    <\/div>\n                <\/div>\n            \n            <div class=\"aux-text-inner aux-text-widget-content\">\n                                <h4 class=\"col-title\">Email<\/h4>\n                                <div class=\"widget-content\">\n                                        info@codiba.eu                <\/div>\n                            <\/div>\n        <\/div>\n                    <div class=\"aux-text-widget-footer\">\n                <div class=\"aux-border-shape-none\">\n                                <\/div>\n            <\/div>\n        \n<\/section><!-- widget-container -->\t\t<\/div>\n\t\t\t\t<\/div>\n\t\t\t\t\t<\/div>\n\t\t<\/div>\n\t\t\t\t\t\t\t<\/div>\n\t\t<\/section>\n\t\t\t\t\t\t\t<\/div>","protected":false},"excerpt":{"rendered":"<p>Contacta Amb Codiba La teva adre\u00e7a de correu electr\u00f2nic no es publicar\u00e0. Els camps obligatoris estan marcats* Nom Tel\u00e8fon Assumpte Comentaris (opcional) Accepto la pol\u00edtica de privacitat. Direcci\u00f3 Palautordera, 40 &#8211; 46 Llinars del Vall\u00e8s, Barcelona Find Me +34 938412727 Email info@codiba.eu<\/p>","protected":false},"author":1,"featured_media":0,"parent":0,"menu_order":0,"comment_status":"closed","ping_status":"closed","template":"templates\/page-builder-content.php","meta":{"footnotes":""},"class_list":["post-81","page","type-page","status-publish","hentry"],"yoast_head":"<!-- This site is optimized with the Yoast SEO plugin v21.5 - https:\/\/yoast.com\/wordpress\/plugins\/seo\/ -->\n<title>Contacta - Codiba | Distribuci\u00f3 de begudes l\u00edder en el Vall\u00e8s Oriental<\/title>\n<meta name=\"description\" content=\"35 anys en el sector, distribuci\u00f3 dels seus productes grans empreses com Damm, Coca-Cola, llet Pascual i Caves Hill entre d\u2019altres.\" \/>\n<meta name=\"robots\" content=\"index, follow, max-snippet:-1, max-image-preview:large, max-video-preview:-1\" \/>\n<link rel=\"canonical\" href=\"https:\/\/codiba.cat\/es\/contacta\/\" \/>\n<meta property=\"og:locale\" content=\"es_ES\" \/>\n<meta property=\"og:type\" content=\"article\" \/>\n<meta property=\"og:title\" content=\"Contacta - Codiba | Distribuci\u00f3 de begudes l\u00edder en el Vall\u00e8s Oriental\" \/>\n<meta property=\"og:description\" content=\"35 anys en el sector, distribuci\u00f3 dels seus productes grans empreses com Damm, Coca-Cola, llet Pascual i Caves Hill entre d\u2019altres.\" \/>\n<meta property=\"og:url\" content=\"https:\/\/codiba.cat\/es\/contacta\/\" \/>\n<meta property=\"og:site_name\" content=\"Codiba | Distribuci\u00f3 de begudes l\u00edder en el Vall\u00e8s Oriental\" \/>\n<meta property=\"article:modified_time\" content=\"2023-12-05T16:03:14+00:00\" \/>\n<meta name=\"twitter:card\" content=\"summary_large_image\" \/>\n<meta name=\"twitter:label1\" content=\"Tiempo de lectura\" \/>\n\t<meta name=\"twitter:data1\" content=\"1 minuto\" \/>\n<script type=\"application\/ld+json\" class=\"yoast-schema-graph\">{\"@context\":\"https:\/\/schema.org\",\"@graph\":[{\"@type\":\"WebPage\",\"@id\":\"https:\/\/codiba.cat\/contacta\/\",\"url\":\"https:\/\/codiba.cat\/contacta\/\",\"name\":\"Contacta - Codiba | Distribuci\u00f3 de begudes l\u00edder en el Vall\u00e8s Oriental\",\"isPartOf\":{\"@id\":\"https:\/\/codiba.cat\/es\/#website\"},\"datePublished\":\"2020-11-28T06:19:16+00:00\",\"dateModified\":\"2023-12-05T16:03:14+00:00\",\"description\":\"35 anys en el sector, distribuci\u00f3 dels seus productes grans empreses com Damm, Coca-Cola, llet Pascual i Caves Hill entre d\u2019altres.\",\"breadcrumb\":{\"@id\":\"https:\/\/codiba.cat\/contacta\/#breadcrumb\"},\"inLanguage\":\"es\",\"potentialAction\":[{\"@type\":\"ReadAction\",\"target\":[\"https:\/\/codiba.cat\/contacta\/\"]}]},{\"@type\":\"BreadcrumbList\",\"@id\":\"https:\/\/codiba.cat\/contacta\/#breadcrumb\",\"itemListElement\":[{\"@type\":\"ListItem\",\"position\":1,\"name\":\"Portada\",\"item\":\"https:\/\/codiba.cat\/es\/\"},{\"@type\":\"ListItem\",\"position\":2,\"name\":\"Contacta\"}]},{\"@type\":\"WebSite\",\"@id\":\"https:\/\/codiba.cat\/es\/#website\",\"url\":\"https:\/\/codiba.cat\/es\/\",\"name\":\"Codiba | Distribuci\u00f3 de begudes l\u00edder en el Vall\u00e8s Oriental\",\"description\":\"\",\"publisher\":{\"@id\":\"https:\/\/codiba.cat\/es\/#organization\"},\"potentialAction\":[{\"@type\":\"SearchAction\",\"target\":{\"@type\":\"EntryPoint\",\"urlTemplate\":\"https:\/\/codiba.cat\/es\/?s={search_term_string}\"},\"query-input\":\"required name=search_term_string\"}],\"inLanguage\":\"es\"},{\"@type\":\"Organization\",\"@id\":\"https:\/\/codiba.cat\/es\/#organization\",\"name\":\"Codiba | Distribuci\u00f3 de begudes l\u00edder en el Vall\u00e8s Oriental\",\"url\":\"https:\/\/codiba.cat\/es\/\",\"logo\":{\"@type\":\"ImageObject\",\"inLanguage\":\"es\",\"@id\":\"https:\/\/codiba.cat\/es\/#\/schema\/logo\/image\/\",\"url\":\"https:\/\/codiba.cat\/wp-content\/uploads\/2023\/09\/CODIBA.png\",\"contentUrl\":\"https:\/\/codiba.cat\/wp-content\/uploads\/2023\/09\/CODIBA.png\",\"width\":1260,\"height\":1260,\"caption\":\"Codiba | Distribuci\u00f3 de begudes l\u00edder en el Vall\u00e8s Oriental\"},\"image\":{\"@id\":\"https:\/\/codiba.cat\/es\/#\/schema\/logo\/image\/\"}}]}<\/script>\n<!-- \/ Yoast SEO plugin. -->","yoast_head_json":{"title":"Contacta - Codiba | Distribuci\u00f3 de begudes l\u00edder en el Vall\u00e8s Oriental","description":"35 anys en el sector, distribuci\u00f3 dels seus productes grans empreses com Damm, Coca-Cola, llet Pascual i Caves Hill entre d\u2019altres.","robots":{"index":"index","follow":"follow","max-snippet":"max-snippet:-1","max-image-preview":"max-image-preview:large","max-video-preview":"max-video-preview:-1"},"canonical":"https:\/\/codiba.cat\/es\/contacta\/","og_locale":"es_ES","og_type":"article","og_title":"Contacta - Codiba | Distribuci\u00f3 de begudes l\u00edder en el Vall\u00e8s Oriental","og_description":"35 anys en el sector, distribuci\u00f3 dels seus productes grans empreses com Damm, Coca-Cola, llet Pascual i Caves Hill entre d\u2019altres.","og_url":"https:\/\/codiba.cat\/es\/contacta\/","og_site_name":"Codiba | Distribuci\u00f3 de begudes l\u00edder en el Vall\u00e8s Oriental","article_modified_time":"2023-12-05T16:03:14+00:00","twitter_card":"summary_large_image","twitter_misc":{"Tiempo de lectura":"1 minuto"},"schema":{"@context":"https:\/\/schema.org","@graph":[{"@type":"WebPage","@id":"https:\/\/codiba.cat\/contacta\/","url":"https:\/\/codiba.cat\/contacta\/","name":"Contacta - Codiba | Distribuci\u00f3 de begudes l\u00edder en el Vall\u00e8s Oriental","isPartOf":{"@id":"https:\/\/codiba.cat\/es\/#website"},"datePublished":"2020-11-28T06:19:16+00:00","dateModified":"2023-12-05T16:03:14+00:00","description":"35 anys en el sector, distribuci\u00f3 dels seus productes grans empreses com Damm, Coca-Cola, llet Pascual i Caves Hill entre d\u2019altres.","breadcrumb":{"@id":"https:\/\/codiba.cat\/contacta\/#breadcrumb"},"inLanguage":"es","potentialAction":[{"@type":"ReadAction","target":["https:\/\/codiba.cat\/contacta\/"]}]},{"@type":"BreadcrumbList","@id":"https:\/\/codiba.cat\/contacta\/#breadcrumb","itemListElement":[{"@type":"ListItem","position":1,"name":"Portada","item":"https:\/\/codiba.cat\/es\/"},{"@type":"ListItem","position":2,"name":"Contacta"}]},{"@type":"WebSite","@id":"https:\/\/codiba.cat\/es\/#website","url":"https:\/\/codiba.cat\/es\/","name":"Codiba | Distribuci\u00f3 de begudes l\u00edder en el Vall\u00e8s Oriental","description":"","publisher":{"@id":"https:\/\/codiba.cat\/es\/#organization"},"potentialAction":[{"@type":"SearchAction","target":{"@type":"EntryPoint","urlTemplate":"https:\/\/codiba.cat\/es\/?s={search_term_string}"},"query-input":"required name=search_term_string"}],"inLanguage":"es"},{"@type":"Organization","@id":"https:\/\/codiba.cat\/es\/#organization","name":"Codiba | Distribuci\u00f3 de begudes l\u00edder en el Vall\u00e8s Oriental","url":"https:\/\/codiba.cat\/es\/","logo":{"@type":"ImageObject","inLanguage":"es","@id":"https:\/\/codiba.cat\/es\/#\/schema\/logo\/image\/","url":"https:\/\/codiba.cat\/wp-content\/uploads\/2023\/09\/CODIBA.png","contentUrl":"https:\/\/codiba.cat\/wp-content\/uploads\/2023\/09\/CODIBA.png","width":1260,"height":1260,"caption":"Codiba | Distribuci\u00f3 de begudes l\u00edder en el Vall\u00e8s Oriental"},"image":{"@id":"https:\/\/codiba.cat\/es\/#\/schema\/logo\/image\/"}}]}},"_links":{"self":[{"href":"https:\/\/codiba.cat\/es\/wp-json\/wp\/v2\/pages\/81","targetHints":{"allow":["GET"]}}],"collection":[{"href":"https:\/\/codiba.cat\/es\/wp-json\/wp\/v2\/pages"}],"about":[{"href":"https:\/\/codiba.cat\/es\/wp-json\/wp\/v2\/types\/page"}],"author":[{"embeddable":true,"href":"https:\/\/codiba.cat\/es\/wp-json\/wp\/v2\/users\/1"}],"replies":[{"embeddable":true,"href":"https:\/\/codiba.cat\/es\/wp-json\/wp\/v2\/comments?post=81"}],"version-history":[{"count":10,"href":"https:\/\/codiba.cat\/es\/wp-json\/wp\/v2\/pages\/81\/revisions"}],"predecessor-version":[{"id":342,"href":"https:\/\/codiba.cat\/es\/wp-json\/wp\/v2\/pages\/81\/revisions\/342"}],"wp:attachment":[{"href":"https:\/\/codiba.cat\/es\/wp-json\/wp\/v2\/media?parent=81"}],"curies":[{"name":"wp","href":"https:\/\/api.w.org\/{rel}","templated":true}]}}