{"id":101,"date":"2023-09-24T17:00:56","date_gmt":"2023-09-24T15:00:56","guid":{"rendered":"https:\/\/codiba.cat\/?page_id=101"},"modified":"2023-09-24T17:00:58","modified_gmt":"2023-09-24T15:00:58","slug":"on-som","status":"publish","type":"page","link":"https:\/\/codiba.cat\/es\/on-som\/","title":{"rendered":"On som?"},"content":{"rendered":"<div data-elementor-type=\"wp-page\" data-elementor-id=\"101\" class=\"elementor elementor-101\">\n\t\t\t\t\t\t\t\t\t<section class=\"elementor-section elementor-top-section elementor-element elementor-element-7df78ed elementor-section-boxed elementor-section-height-default elementor-section-height-default\" data-id=\"7df78ed\" data-element_type=\"section\">\n\t\t\t\t\t\t<div class=\"elementor-container elementor-column-gap-no\">\n\t\t\t\t\t<div class=\"aux-parallax-section elementor-column elementor-col-100 elementor-top-column elementor-element elementor-element-2f55192\" data-id=\"2f55192\" data-element_type=\"column\">\n\t\t\t<div class=\"elementor-widget-wrap elementor-element-populated\">\n\t\t\t\t\t\t\t\t<div class=\"elementor-element elementor-element-49d0da3 aux-appear-watch-animation aux-slide-from-top elementor-widget elementor-widget-aux_simple_svg\" data-id=\"49d0da3\" data-element_type=\"widget\" data-widget_type=\"aux_simple_svg.default\">\n\t\t\t\t<div class=\"elementor-widget-container\">\n\t\t\t    <div class=\"aux-widget-container aux-simple-svg-container\">\n        <div class=\"aux-widget-container-inner\">\n            <div class=\"aux-the-svg\"><svg xmlns=\"http:\/\/www.w3.org\/2000\/svg\" width=\"41.51\" height=\"50.724\" viewbox=\"0 0 51.51 50.724\"><g transform=\"translate(0.75 0.75)\"><g transform=\"translate(0 0)\"><path d=\"M254.275,221.756c5.81.01,12.093-.644,16.672-5.159,6.991-6.9-.244-10.743-.332-14.226-.131-5.224.376-11.488-4.071-14.477-2.775-1.867-7.528-1.725-12.27-1.638h-.015c-4.742-.086-9.495-.228-12.27,1.638-4.447,2.99-3.94,9.253-4.071,14.477-.087,3.483-7.323,7.331-.332,14.226,4.579,4.516,10.862,5.169,16.672,5.159Z\" transform=\"translate(-229.253 -182.1)\" fill=\"#fa8c16\" \/><g transform=\"translate(7.398 40.518)\"><path d=\"M244.51,277.818l-2.1,8.707h2.1l4.786-7.231Z\" transform=\"translate(-242.413 -277.818)\" fill=\"none\" stroke=\"#000\" stroke-width=\"1.5\" \/><path d=\"M316.59,277.818l2.1,8.707h-2.1l-4.786-7.231Z\" transform=\"translate(-283.472 -277.818)\" fill=\"none\" stroke=\"#000\" stroke-width=\"1.5\" \/><\/g><path d=\"M275.484,197.642c-1.172-10.772-2.547-19.059-11.2-19.059H244.023c-8.652,0-10.027,8.288-11.2,19.059\" transform=\"translate(-229.341 -178.583)\" fill=\"none\" stroke=\"#000\" stroke-width=\"1.5\" \/><path d=\"M273.92,233.987H263.336a1.962,1.962,0,0,0-1.962,1.962v2.627a5.7,5.7,0,0,1-5.7,5.7H242.931a5.7,5.7,0,0,1-5.7-5.7v-2.627a1.962,1.962,0,0,0-1.962-1.962H224.681a.386.386,0,0,0-.386.386\" transform=\"translate(-224.295 -211.366)\" fill=\"none\" stroke=\"#000\" stroke-width=\"1.5\" \/><path d=\"M224.295,234.373h0a19.944,19.944,0,0,0,19.944,19.944h10.122a19.944,19.944,0,0,0,19.944-19.944h0a.386.386,0,0,0-.386-.386\" transform=\"translate(-224.295 -211.366)\" fill=\"none\" stroke=\"#000\" stroke-width=\"1.5\" \/><\/g><\/g><\/svg><\/div>\n        <\/div>\n    <\/div>\n    \t\t<\/div>\n\t\t\t\t<\/div>\n\t\t\t\t<div class=\"elementor-element elementor-element-7270d60 aux-appear-watch-animation aux-fade-in-up elementor-widget elementor-widget-aux_modern_heading\" data-id=\"7270d60\" data-element_type=\"widget\" data-widget_type=\"aux_modern_heading.default\">\n\t\t\t\t<div class=\"elementor-widget-container\">\n\t\t\t<section class=\"aux-widget-modern-heading\">\n            <div class=\"aux-widget-inner\"><h5 class=\"aux-modern-heading-primary\">GETTING BETTER AND BETTER \u2013 TOGETHER<\/h5><h4 class=\"aux-modern-heading-secondary\"><span class=\"aux-head-before\">THE FUTURE OF FURNITURE<\/span><\/h4><\/div>\n        <\/section>\t\t<\/div>\n\t\t\t\t<\/div>\n\t\t\t\t<div class=\"elementor-element elementor-element-210ee86 aux-appear-watch-animation aux-fade-in-up elementor-widget elementor-widget-aux_image\" data-id=\"210ee86\" data-element_type=\"widget\" data-widget_type=\"aux_image.default\">\n\t\t\t\t<div class=\"elementor-widget-container\">\n\t\t\t<section class=\"widget-container aux-widget-image aux-alignnone aux-parent-aua8ae8909\">\n    <div class=\"aux-media-hint-frame\">\n        <div class=\"aux-media-image\" >\n        \n            \n\n            \n            <img decoding=\"async\" src=\"image\/gif;base64,R0lGODlhAQABAIAAAAAAAP\/\/\/yH5BAEAAAAALAAAAAABAAEAAAIBRAA7\" alt=\"demo-attachment-946-toa-heftiba-FV3GConVSss-unsplash\" \/>            \n                <\/div>\n    <\/div>\n\n<\/section><!-- widget-container -->\t\t<\/div>\n\t\t\t\t<\/div>\n\t\t\t\t\t<\/div>\n\t\t<\/div>\n\t\t\t\t\t\t\t<\/div>\n\t\t<\/section>\n\t\t\t\t<section class=\"elementor-section elementor-top-section elementor-element elementor-element-71b07c1 elementor-section-content-middle elementor-section-boxed elementor-section-height-default elementor-section-height-default\" data-id=\"71b07c1\" data-element_type=\"section\">\n\t\t\t\t\t\t<div class=\"elementor-container elementor-column-gap-no\">\n\t\t\t\t\t<div class=\"aux-parallax-section elementor-column elementor-col-33 elementor-top-column elementor-element elementor-element-0a3938f\" data-id=\"0a3938f\" data-element_type=\"column\">\n\t\t\t<div class=\"elementor-widget-wrap elementor-element-populated\">\n\t\t\t\t\t\t\t\t<div class=\"elementor-element elementor-element-1ead6f1 aux-appear-watch-animation aux-slide-from-bot elementor-widget elementor-widget-heading\" data-id=\"1ead6f1\" data-element_type=\"widget\" data-widget_type=\"heading.default\">\n\t\t\t\t<div class=\"elementor-widget-container\">\n\t\t\t<h3 class=\"elementor-heading-title elementor-size-default\">Simple Creative Design Quaility<\/h3>\t\t<\/div>\n\t\t\t\t<\/div>\n\t\t\t\t\t<\/div>\n\t\t<\/div>\n\t\t\t\t<div class=\"aux-parallax-section elementor-column elementor-col-33 elementor-top-column elementor-element elementor-element-8c9e11e\" data-id=\"8c9e11e\" data-element_type=\"column\">\n\t\t\t<div class=\"elementor-widget-wrap elementor-element-populated\">\n\t\t\t\t\t\t\t\t<div class=\"elementor-element elementor-element-056e320 aux-appear-watch-animation aux-fade-in elementor-widget elementor-widget-text-editor\" data-id=\"056e320\" data-element_type=\"widget\" data-widget_type=\"text-editor.default\">\n\t\t\t\t<div class=\"elementor-widget-container\">\n\t\t\t\t\t\t\t<p>Ut leo. Vivamus aliquet elit ac nisl. Aenean leo ligula, porttitor eu, consequat vitae, eleifend ac enim. Sed cursus turpis vitae tortor. Vestibulum ante ipsum primis in faucibus orci luctus et ultrices posuere cubilia Curae; Fusce id purus.<\/p>\t\t\t\t\t\t<\/div>\n\t\t\t\t<\/div>\n\t\t\t\t\t<\/div>\n\t\t<\/div>\n\t\t\t\t<div class=\"aux-parallax-section elementor-column elementor-col-33 elementor-top-column elementor-element elementor-element-1aa2273\" data-id=\"1aa2273\" data-element_type=\"column\">\n\t\t\t<div class=\"elementor-widget-wrap elementor-element-populated\">\n\t\t\t\t\t\t\t\t<div class=\"elementor-element elementor-element-7e2ce24 aux-appear-watch-animation aux-fade-in elementor-widget elementor-widget-text-editor\" data-id=\"7e2ce24\" data-element_type=\"widget\" data-widget_type=\"text-editor.default\">\n\t\t\t\t<div class=\"elementor-widget-container\">\n\t\t\t\t\t\t\t<p>Ut leo. Vivamus aliquet elit ac nisl. Aenean leo ligula, porttitor eu, consequat vitae, eleifend ac enim. Sed cursus turpis vitae tortor. Vestibulum ante ipsum primis in faucibus orci luctus et ultrices posuere cubilia Curae; Fusce id purus.<\/p>\t\t\t\t\t\t<\/div>\n\t\t\t\t<\/div>\n\t\t\t\t\t<\/div>\n\t\t<\/div>\n\t\t\t\t\t\t\t<\/div>\n\t\t<\/section>\n\t\t\t\t<section class=\"elementor-section elementor-top-section elementor-element elementor-element-a5c28fa elementor-section-content-middle elementor-section-boxed elementor-section-height-default elementor-section-height-default\" data-id=\"a5c28fa\" data-element_type=\"section\">\n\t\t\t\t\t\t<div class=\"elementor-container elementor-column-gap-no\">\n\t\t\t\t\t<div class=\"aux-parallax-section elementor-column elementor-col-66 elementor-top-column elementor-element elementor-element-c5f092a\" data-id=\"c5f092a\" data-element_type=\"column\">\n\t\t\t<div class=\"elementor-widget-wrap elementor-element-populated\">\n\t\t\t\t\t\t\t\t<div class=\"elementor-element elementor-element-dfa3b46 aux-appear-watch-animation aux-fade-in-left elementor-widget elementor-widget-aux_image\" data-id=\"dfa3b46\" data-element_type=\"widget\" data-widget_type=\"aux_image.default\">\n\t\t\t\t<div class=\"elementor-widget-container\">\n\t\t\t<section class=\"widget-container aux-widget-image aux-alignnone aux-parent-aubc394962\">\n    <div class=\"aux-media-hint-frame\">\n        <div class=\"aux-media-image\" >\n        \n            \n\n            \n            <img decoding=\"async\" src=\"image\/gif;base64,R0lGODlhAQABAIAAAAAAAP\/\/\/yH5BAEAAAAALAAAAAABAAEAAAIBRAA7\" alt=\"demo-attachment-993-rabie-madaci-4iwG8QD17AE-unsplash\" \/>            \n                <\/div>\n    <\/div>\n\n<\/section><!-- widget-container -->\t\t<\/div>\n\t\t\t\t<\/div>\n\t\t\t\t\t<\/div>\n\t\t<\/div>\n\t\t\t\t<div class=\"aux-parallax-section elementor-column elementor-col-33 elementor-top-column elementor-element elementor-element-308604a\" data-id=\"308604a\" data-element_type=\"column\">\n\t\t\t<div class=\"elementor-widget-wrap elementor-element-populated\">\n\t\t\t\t\t\t\t\t<div class=\"elementor-element elementor-element-9e5c413 aux-appear-watch-animation aux-fade-in-up elementor-widget elementor-widget-aux_modern_heading\" data-id=\"9e5c413\" data-element_type=\"widget\" data-widget_type=\"aux_modern_heading.default\">\n\t\t\t\t<div class=\"elementor-widget-container\">\n\t\t\t<section class=\"aux-widget-modern-heading\">\n            <div class=\"aux-widget-inner\"><p class=\"aux-modern-heading-primary\">About phlox Group<\/p><h3 class=\"aux-modern-heading-secondary\"><span class=\"aux-head-before\">We Are The Leader In furnitureproduct<\/span><\/h3><div class=\"aux-modern-heading-description\"><p>In a professional context it often happens that private or corporate clients corder a publication to be made and presented with the actual content still not being ready. Think of a news blog\u00a0<\/p><\/div><\/div>\n        <\/section>\t\t<\/div>\n\t\t\t\t<\/div>\n\t\t\t\t<div class=\"elementor-element elementor-element-e77b4b6 aux-appear-watch-animation aux-fade-in-up elementor-widget elementor-widget-text-editor\" data-id=\"e77b4b6\" data-element_type=\"widget\" data-widget_type=\"text-editor.default\">\n\t\t\t\t<div class=\"elementor-widget-container\">\n\t\t\t\t\t\t\t<p>In a professional context it often happens that private or corporate clients corder a publication to be made and presented with the actual content still not being ready. Think of a news blog<\/p>\t\t\t\t\t\t<\/div>\n\t\t\t\t<\/div>\n\t\t\t\t<section class=\"elementor-section elementor-inner-section elementor-element elementor-element-cd279dc elementor-section-boxed elementor-section-height-default elementor-section-height-default\" data-id=\"cd279dc\" data-element_type=\"section\">\n\t\t\t\t\t\t<div class=\"elementor-container elementor-column-gap-default\">\n\t\t\t\t\t<div class=\"aux-parallax-section elementor-column elementor-col-33 elementor-inner-column elementor-element elementor-element-cf8b55e\" data-id=\"cf8b55e\" data-element_type=\"column\">\n\t\t\t<div class=\"elementor-widget-wrap elementor-element-populated\">\n\t\t\t\t\t\t\t\t<div class=\"elementor-element elementor-element-e68327c aux-appear-watch-animation aux-scale-down elementor-widget elementor-widget-aux_counter\" data-id=\"e68327c\" data-element_type=\"widget\" data-widget_type=\"aux_counter.default\">\n\t\t\t\t<div class=\"elementor-widget-container\">\n\t\t\t\t\t<div class=\"aux-counter\">\n\t\t\t<div class=\"aux-counter-number-wrapper\">\n\t\t\t\t<span class=\"aux-counter-number-prefix\"><\/span>\n\t\t\t\t<span class=\"aux-counter-number\" data-duration=\"2000\" data-to-value=\"53\" data-from-value=\"0\" data-delay=\"0\" data-easing=\"\" data-delimiter=\",\">0<\/span>\n\t\t\t\t<span class=\"aux-counter-number-suffix\">K<\/span>\n\t\t\t<\/div>\n\t\t\t\t\t\t\t<div class=\"aux-counter-title\">Layout Done<\/div>\n\t\t\t\t\t<\/div>\n\t\t\t\t<\/div>\n\t\t\t\t<\/div>\n\t\t\t\t\t<\/div>\n\t\t<\/div>\n\t\t\t\t<div class=\"aux-parallax-section elementor-column elementor-col-33 elementor-inner-column elementor-element elementor-element-93bc684\" data-id=\"93bc684\" data-element_type=\"column\">\n\t\t\t<div class=\"elementor-widget-wrap elementor-element-populated\">\n\t\t\t\t\t\t\t\t<div class=\"elementor-element elementor-element-7095e16 aux-appear-watch-animation aux-scale-down elementor-widget elementor-widget-aux_counter\" data-id=\"7095e16\" data-element_type=\"widget\" data-widget_type=\"aux_counter.default\">\n\t\t\t\t<div class=\"elementor-widget-container\">\n\t\t\t\t\t<div class=\"aux-counter\">\n\t\t\t<div class=\"aux-counter-number-wrapper\">\n\t\t\t\t<span class=\"aux-counter-number-prefix\"><\/span>\n\t\t\t\t<span class=\"aux-counter-number\" data-duration=\"2000\" data-to-value=\"10\" data-from-value=\"0\" data-delay=\"0\" data-easing=\"\" data-delimiter=\",\">0<\/span>\n\t\t\t\t<span class=\"aux-counter-number-suffix\">K<\/span>\n\t\t\t<\/div>\n\t\t\t\t\t\t\t<div class=\"aux-counter-title\">Projects Done<\/div>\n\t\t\t\t\t<\/div>\n\t\t\t\t<\/div>\n\t\t\t\t<\/div>\n\t\t\t\t\t<\/div>\n\t\t<\/div>\n\t\t\t\t<div class=\"aux-parallax-section elementor-column elementor-col-33 elementor-inner-column elementor-element elementor-element-ee7f8b4\" data-id=\"ee7f8b4\" data-element_type=\"column\">\n\t\t\t<div class=\"elementor-widget-wrap elementor-element-populated\">\n\t\t\t\t\t\t\t\t<div class=\"elementor-element elementor-element-e1d9146 aux-appear-watch-animation aux-scale-down elementor-widget elementor-widget-aux_counter\" data-id=\"e1d9146\" data-element_type=\"widget\" data-widget_type=\"aux_counter.default\">\n\t\t\t\t<div class=\"elementor-widget-container\">\n\t\t\t\t\t<div class=\"aux-counter\">\n\t\t\t<div class=\"aux-counter-number-wrapper\">\n\t\t\t\t<span class=\"aux-counter-number-prefix\"><\/span>\n\t\t\t\t<span class=\"aux-counter-number\" data-duration=\"2000\" data-to-value=\"120\" data-from-value=\"0\" data-delay=\"0\" data-easing=\"\" data-delimiter=\",\">0<\/span>\n\t\t\t\t<span class=\"aux-counter-number-suffix\"><\/span>\n\t\t\t<\/div>\n\t\t\t\t\t\t\t<div class=\"aux-counter-title\">Get Award<\/div>\n\t\t\t\t\t<\/div>\n\t\t\t\t<\/div>\n\t\t\t\t<\/div>\n\t\t\t\t\t<\/div>\n\t\t<\/div>\n\t\t\t\t\t\t\t<\/div>\n\t\t<\/section>\n\t\t\t\t\t<\/div>\n\t\t<\/div>\n\t\t\t\t\t\t\t<\/div>\n\t\t<\/section>\n\t\t\t\t\t\t\t<\/div>","protected":false},"excerpt":{"rendered":"<p>GETTING BETTER AND BETTER \u2013 TOGETHER THE FUTURE OF FURNITURE Simple Creative Design Quaility Ut leo. Vivamus aliquet elit ac nisl. Aenean leo ligula, porttitor eu, consequat vitae, eleifend ac enim. Sed cursus turpis vitae tortor. Vestibulum ante ipsum primis in faucibus orci luctus et ultrices posuere cubilia Curae; Fusce id purus. Ut leo. Vivamus [&hellip;]<\/p>","protected":false},"author":1,"featured_media":0,"parent":0,"menu_order":0,"comment_status":"closed","ping_status":"closed","template":"templates\/page-builder-content.php","meta":{"footnotes":""},"class_list":["post-101","page","type-page","status-publish","hentry"],"yoast_head":"<!-- This site is optimized with the Yoast SEO plugin v21.5 - https:\/\/yoast.com\/wordpress\/plugins\/seo\/ -->\n<title>On som? - Codiba | Distribuci\u00f3 de begudes l\u00edder en el Vall\u00e8s Oriental<\/title>\n<meta name=\"robots\" content=\"index, follow, max-snippet:-1, max-image-preview:large, max-video-preview:-1\" \/>\n<link rel=\"canonical\" href=\"https:\/\/codiba.cat\/es\/on-som\/\" \/>\n<meta property=\"og:locale\" content=\"es_ES\" \/>\n<meta property=\"og:type\" content=\"article\" \/>\n<meta property=\"og:title\" content=\"On som? - Codiba | Distribuci\u00f3 de begudes l\u00edder en el Vall\u00e8s Oriental\" \/>\n<meta property=\"og:description\" content=\"GETTING BETTER AND BETTER \u2013 TOGETHER THE FUTURE OF FURNITURE Simple Creative Design Quaility Ut leo. Vivamus aliquet elit ac nisl. Aenean leo ligula, porttitor eu, consequat vitae, eleifend ac enim. Sed cursus turpis vitae tortor. Vestibulum ante ipsum primis in faucibus orci luctus et ultrices posuere cubilia Curae; Fusce id purus. Ut leo. Vivamus [&hellip;]\" \/>\n<meta property=\"og:url\" content=\"https:\/\/codiba.cat\/es\/on-som\/\" \/>\n<meta property=\"og:site_name\" content=\"Codiba | Distribuci\u00f3 de begudes l\u00edder en el Vall\u00e8s Oriental\" \/>\n<meta property=\"article:modified_time\" content=\"2023-09-24T15:00:58+00:00\" \/>\n<meta name=\"twitter:card\" content=\"summary_large_image\" \/>\n<meta name=\"twitter:label1\" content=\"Tiempo de lectura\" \/>\n\t<meta name=\"twitter:data1\" content=\"1 minuto\" \/>\n<script type=\"application\/ld+json\" class=\"yoast-schema-graph\">{\"@context\":\"https:\/\/schema.org\",\"@graph\":[{\"@type\":\"WebPage\",\"@id\":\"https:\/\/codiba.cat\/on-som\/\",\"url\":\"https:\/\/codiba.cat\/on-som\/\",\"name\":\"On som? - Codiba | Distribuci\u00f3 de begudes l\u00edder en el Vall\u00e8s Oriental\",\"isPartOf\":{\"@id\":\"https:\/\/codiba.cat\/es\/#website\"},\"datePublished\":\"2023-09-24T15:00:56+00:00\",\"dateModified\":\"2023-09-24T15:00:58+00:00\",\"breadcrumb\":{\"@id\":\"https:\/\/codiba.cat\/on-som\/#breadcrumb\"},\"inLanguage\":\"es\",\"potentialAction\":[{\"@type\":\"ReadAction\",\"target\":[\"https:\/\/codiba.cat\/on-som\/\"]}]},{\"@type\":\"BreadcrumbList\",\"@id\":\"https:\/\/codiba.cat\/on-som\/#breadcrumb\",\"itemListElement\":[{\"@type\":\"ListItem\",\"position\":1,\"name\":\"Portada\",\"item\":\"https:\/\/codiba.cat\/es\/\"},{\"@type\":\"ListItem\",\"position\":2,\"name\":\"On som?\"}]},{\"@type\":\"WebSite\",\"@id\":\"https:\/\/codiba.cat\/es\/#website\",\"url\":\"https:\/\/codiba.cat\/es\/\",\"name\":\"Codiba | Distribuci\u00f3 de begudes l\u00edder en el Vall\u00e8s Oriental\",\"description\":\"\",\"publisher\":{\"@id\":\"https:\/\/codiba.cat\/es\/#organization\"},\"potentialAction\":[{\"@type\":\"SearchAction\",\"target\":{\"@type\":\"EntryPoint\",\"urlTemplate\":\"https:\/\/codiba.cat\/es\/?s={search_term_string}\"},\"query-input\":\"required name=search_term_string\"}],\"inLanguage\":\"es\"},{\"@type\":\"Organization\",\"@id\":\"https:\/\/codiba.cat\/es\/#organization\",\"name\":\"Codiba | Distribuci\u00f3 de begudes l\u00edder en el Vall\u00e8s Oriental\",\"url\":\"https:\/\/codiba.cat\/es\/\",\"logo\":{\"@type\":\"ImageObject\",\"inLanguage\":\"es\",\"@id\":\"https:\/\/codiba.cat\/es\/#\/schema\/logo\/image\/\",\"url\":\"https:\/\/codiba.cat\/wp-content\/uploads\/2023\/09\/CODIBA.png\",\"contentUrl\":\"https:\/\/codiba.cat\/wp-content\/uploads\/2023\/09\/CODIBA.png\",\"width\":1260,\"height\":1260,\"caption\":\"Codiba | Distribuci\u00f3 de begudes l\u00edder en el Vall\u00e8s Oriental\"},\"image\":{\"@id\":\"https:\/\/codiba.cat\/es\/#\/schema\/logo\/image\/\"}}]}<\/script>\n<!-- \/ Yoast SEO plugin. -->","yoast_head_json":{"title":"On som? - Codiba | Distribuci\u00f3 de begudes l\u00edder en el Vall\u00e8s Oriental","robots":{"index":"index","follow":"follow","max-snippet":"max-snippet:-1","max-image-preview":"max-image-preview:large","max-video-preview":"max-video-preview:-1"},"canonical":"https:\/\/codiba.cat\/es\/on-som\/","og_locale":"es_ES","og_type":"article","og_title":"On som? - Codiba | Distribuci\u00f3 de begudes l\u00edder en el Vall\u00e8s Oriental","og_description":"GETTING BETTER AND BETTER \u2013 TOGETHER THE FUTURE OF FURNITURE Simple Creative Design Quaility Ut leo. Vivamus aliquet elit ac nisl. Aenean leo ligula, porttitor eu, consequat vitae, eleifend ac enim. Sed cursus turpis vitae tortor. Vestibulum ante ipsum primis in faucibus orci luctus et ultrices posuere cubilia Curae; Fusce id purus. Ut leo. Vivamus [&hellip;]","og_url":"https:\/\/codiba.cat\/es\/on-som\/","og_site_name":"Codiba | Distribuci\u00f3 de begudes l\u00edder en el Vall\u00e8s Oriental","article_modified_time":"2023-09-24T15:00:58+00:00","twitter_card":"summary_large_image","twitter_misc":{"Tiempo de lectura":"1 minuto"},"schema":{"@context":"https:\/\/schema.org","@graph":[{"@type":"WebPage","@id":"https:\/\/codiba.cat\/on-som\/","url":"https:\/\/codiba.cat\/on-som\/","name":"On som? - Codiba | Distribuci\u00f3 de begudes l\u00edder en el Vall\u00e8s Oriental","isPartOf":{"@id":"https:\/\/codiba.cat\/es\/#website"},"datePublished":"2023-09-24T15:00:56+00:00","dateModified":"2023-09-24T15:00:58+00:00","breadcrumb":{"@id":"https:\/\/codiba.cat\/on-som\/#breadcrumb"},"inLanguage":"es","potentialAction":[{"@type":"ReadAction","target":["https:\/\/codiba.cat\/on-som\/"]}]},{"@type":"BreadcrumbList","@id":"https:\/\/codiba.cat\/on-som\/#breadcrumb","itemListElement":[{"@type":"ListItem","position":1,"name":"Portada","item":"https:\/\/codiba.cat\/es\/"},{"@type":"ListItem","position":2,"name":"On som?"}]},{"@type":"WebSite","@id":"https:\/\/codiba.cat\/es\/#website","url":"https:\/\/codiba.cat\/es\/","name":"Codiba | Distribuci\u00f3 de begudes l\u00edder en el Vall\u00e8s Oriental","description":"","publisher":{"@id":"https:\/\/codiba.cat\/es\/#organization"},"potentialAction":[{"@type":"SearchAction","target":{"@type":"EntryPoint","urlTemplate":"https:\/\/codiba.cat\/es\/?s={search_term_string}"},"query-input":"required name=search_term_string"}],"inLanguage":"es"},{"@type":"Organization","@id":"https:\/\/codiba.cat\/es\/#organization","name":"Codiba | Distribuci\u00f3 de begudes l\u00edder en el Vall\u00e8s Oriental","url":"https:\/\/codiba.cat\/es\/","logo":{"@type":"ImageObject","inLanguage":"es","@id":"https:\/\/codiba.cat\/es\/#\/schema\/logo\/image\/","url":"https:\/\/codiba.cat\/wp-content\/uploads\/2023\/09\/CODIBA.png","contentUrl":"https:\/\/codiba.cat\/wp-content\/uploads\/2023\/09\/CODIBA.png","width":1260,"height":1260,"caption":"Codiba | Distribuci\u00f3 de begudes l\u00edder en el Vall\u00e8s Oriental"},"image":{"@id":"https:\/\/codiba.cat\/es\/#\/schema\/logo\/image\/"}}]}},"_links":{"self":[{"href":"https:\/\/codiba.cat\/es\/wp-json\/wp\/v2\/pages\/101","targetHints":{"allow":["GET"]}}],"collection":[{"href":"https:\/\/codiba.cat\/es\/wp-json\/wp\/v2\/pages"}],"about":[{"href":"https:\/\/codiba.cat\/es\/wp-json\/wp\/v2\/types\/page"}],"author":[{"embeddable":true,"href":"https:\/\/codiba.cat\/es\/wp-json\/wp\/v2\/users\/1"}],"replies":[{"embeddable":true,"href":"https:\/\/codiba.cat\/es\/wp-json\/wp\/v2\/comments?post=101"}],"version-history":[{"count":1,"href":"https:\/\/codiba.cat\/es\/wp-json\/wp\/v2\/pages\/101\/revisions"}],"predecessor-version":[{"id":102,"href":"https:\/\/codiba.cat\/es\/wp-json\/wp\/v2\/pages\/101\/revisions\/102"}],"wp:attachment":[{"href":"https:\/\/codiba.cat\/es\/wp-json\/wp\/v2\/media?parent=101"}],"curies":[{"name":"wp","href":"https:\/\/api.w.org\/{rel}","templated":true}]}}